{"id":2978,"date":"2024-05-28T06:54:24","date_gmt":"2024-05-28T06:54:24","guid":{"rendered":"https:\/\/bongbaytrangtri.com\/?post_type=product&#038;p=2978"},"modified":"2024-05-28T06:54:24","modified_gmt":"2024-05-28T06:54:24","slug":"trang-tri-sinh-nhat-tai-nha","status":"publish","type":"product","link":"https:\/\/bongbaytrangtri.com\/?product=trang-tri-sinh-nhat-tai-nha","title":{"rendered":"Trang Tr\u00ed Sinh Nh\u1eadt T\u1ea1i Nh\u00e0"},"content":{"rendered":"<p>#H\u00c3Y_BI\u1ebeN_SINH_NH\u1eacT_C\u1ee6A_B\u00c9 \ud83c\udf89\ud83e\udd29\ud83d\udc78\ud83c\udffc\ud83d\udc68\u200d\ud83c\udfa4\ud83e\udd34\ud83e\udddd\ud83c\udffb\u200d\u2640\ufe0f<br \/>\n\ud83d\udc20\ud83d\udc19\ud83d\ude97\ud83d\ude99\ud83e\udd39\u200d\u2642\ufe0f\ud83c\udf3a#TH\u00c0NH_K\u1ec8_NI\u1ec6M_\u0110\u00c1NG_NH\u1eda<br \/>\nM\u1ed7i n\u0103m ch\u1ec9 c\u00f3 duy nh\u1ea5t m\u1ed9t ng\u00e0y sinh nh\u1eadt c\u1ee7a b\u00e9, b\u1ed1 m\u1eb9 h\u00e3y bi\u1ebfn ng\u00e0y vui \u0111\u00f3 th\u00e0nh k\u1ec9 ni\u1ec7m kh\u00f3 phai trong t\u00e2m th\u1ee9c tu\u1ed5i th\u01a1 c\u1ee7a b\u00e9 nha&#8230; \ud83c\udf1d\ud83c\udf1e\u2b50\ufe0f\u26a1\ufe0f\ud83c\udf08<br \/>\n\ud83c\udf88\ud83c\udf88Shop _ SHARK DECOR _ Trang Tr\u00ed S\u1ef1 Ki\u1ec7n Sinh Nh\u1eadt<br \/>\n\ud83d\udc95 CHUY\u00caN CUNG C\u1ea4P B\u00d3NG BAY HELI , HIDRO ,<br \/>\nB\u00c1N B\u00d3NG BAY TR\u00c1I TIM \ud83c\udf89\ud83c\udf89B\u00d3NG BAY TRANG TR\u00cd C\u01af\u1edaI H\u1eceI , H\u1ed8I NGH\u1eca ,<br \/>\n\ud83d\udc49 \ud83d\udc49B\u00d3NG BAY CH\u1ee4P \u1ea2NH K\u1ef6 Y\u1ebeU , B\u00c1N B\u00d3NG BAY H\u00ccNH TH\u00da , \ud83d\udc49B\u00d3NG BAY KHAI GI\u1ea2NG ,<br \/>\n\ud83d\udc49B\u00c1N B\u00d3NG BAY GI\u00c1 R\u1eba , \ud83c\udf88B\u00c1N BU\u00d4N B\u00d3NG BAY \u0110I C\u00c1C T\u1ec8NH, NH\u1eacN B\u01a0M KH\u00cd HELI , B\u01a0M C\u00c1 BAY \u0110I\u1ec0U KHI\u1ec2N,B\u00c1N<br \/>\n\ud83c\udf89B\u00d3NG BAY SINH NH\u1eacT , \u2728\u2728B\u00c1N B\u00d3NG CH\u1eee S\u1ed0 , NH\u1eacN IN LOGO B\u00d3NG BAY GI\u00c1 R\u1eba b\u00e1n b\u00f3ng bay hidro , b\u00e1n b\u00f3ng bay trang tr\u00ed sinh nh\u1eadt<br \/>\n\ud83d\udcafTrang tr\u00ed L\u1ec5 B\u00e0n Giao Nh\u1eadn Xe<br \/>\n\ud83d\udca5Nh\u1eadn L\u00e0m ch\u00fa h\u1ec1 t\u1ea1o h\u00ecnh bong b\u00f3ng<\/p>\n<p><img loading=\"lazy\" class=\"alignnone size-medium wp-image-2979\" src=\"https:\/\/bongbaytrangtri.com\/wp-content\/uploads\/2024\/05\/z5480641241019_5324c7961fc065d1369428e5b74b4cc6-300x400.jpg\" alt=\"\" width=\"300\" height=\"400\" srcset=\"https:\/\/bongbaytrangtri.com\/wp-content\/uploads\/2024\/05\/z5480641241019_5324c7961fc065d1369428e5b74b4cc6-300x400.jpg 300w, https:\/\/bongbaytrangtri.com\/wp-content\/uploads\/2024\/05\/z5480641241019_5324c7961fc065d1369428e5b74b4cc6-600x800.jpg 600w, https:\/\/bongbaytrangtri.com\/wp-content\/uploads\/2024\/05\/z5480641241019_5324c7961fc065d1369428e5b74b4cc6.jpg 720w\" sizes=\"(max-width: 300px) 100vw, 300px\" \/> <img loading=\"lazy\" class=\"alignnone size-medium wp-image-2980\" src=\"https:\/\/bongbaytrangtri.com\/wp-content\/uploads\/2024\/05\/z5480674353814_db5ed007f645671bc3c5e740ace49309-300x400.jpg\" alt=\"\" width=\"300\" height=\"400\" srcset=\"https:\/\/bongbaytrangtri.com\/wp-content\/uploads\/2024\/05\/z5480674353814_db5ed007f645671bc3c5e740ace49309-300x400.jpg 300w, https:\/\/bongbaytrangtri.com\/wp-content\/uploads\/2024\/05\/z5480674353814_db5ed007f645671bc3c5e740ace49309-600x800.jpg 600w, https:\/\/bongbaytrangtri.com\/wp-content\/uploads\/2024\/05\/z5480674353814_db5ed007f645671bc3c5e740ace49309-768x1024.jpg 768w, https:\/\/bongbaytrangtri.com\/wp-content\/uploads\/2024\/05\/z5480674353814_db5ed007f645671bc3c5e740ace49309.jpg 1080w\" sizes=\"(max-width: 300px) 100vw, 300px\" \/><\/p>\n<p><img loading=\"lazy\" class=\"alignnone size-medium wp-image-2981\" src=\"https:\/\/bongbaytrangtri.com\/wp-content\/uploads\/2024\/05\/z5480674360510_df32c862628ea7f8490f225c9256df0e-533x400.jpg\" alt=\"\" width=\"533\" height=\"400\" srcset=\"https:\/\/bongbaytrangtri.com\/wp-content\/uploads\/2024\/05\/z5480674360510_df32c862628ea7f8490f225c9256df0e-533x400.jpg 533w, https:\/\/bongbaytrangtri.com\/wp-content\/uploads\/2024\/05\/z5480674360510_df32c862628ea7f8490f225c9256df0e-1067x800.jpg 1067w, https:\/\/bongbaytrangtri.com\/wp-content\/uploads\/2024\/05\/z5480674360510_df32c862628ea7f8490f225c9256df0e-768x576.jpg 768w, https:\/\/bongbaytrangtri.com\/wp-content\/uploads\/2024\/05\/z5480674360510_df32c862628ea7f8490f225c9256df0e-600x450.jpg 600w, https:\/\/bongbaytrangtri.com\/wp-content\/uploads\/2024\/05\/z5480674360510_df32c862628ea7f8490f225c9256df0e.jpg 1280w\" sizes=\"(max-width: 533px) 100vw, 533px\" \/><\/p>\n<p><img loading=\"lazy\" class=\"alignnone size-medium wp-image-2982\" src=\"https:\/\/bongbaytrangtri.com\/wp-content\/uploads\/2024\/05\/z5480674362729_78973239a15d303836ce0ec0748eb8f8-300x400.jpg\" alt=\"\" width=\"300\" height=\"400\" srcset=\"https:\/\/bongbaytrangtri.com\/wp-content\/uploads\/2024\/05\/z5480674362729_78973239a15d303836ce0ec0748eb8f8-300x400.jpg 300w, https:\/\/bongbaytrangtri.com\/wp-content\/uploads\/2024\/05\/z5480674362729_78973239a15d303836ce0ec0748eb8f8-600x800.jpg 600w, https:\/\/bongbaytrangtri.com\/wp-content\/uploads\/2024\/05\/z5480674362729_78973239a15d303836ce0ec0748eb8f8-768x1024.jpg 768w, https:\/\/bongbaytrangtri.com\/wp-content\/uploads\/2024\/05\/z5480674362729_78973239a15d303836ce0ec0748eb8f8.jpg 1080w\" sizes=\"(max-width: 300px) 100vw, 300px\" \/><\/p>\n<p><img loading=\"lazy\" class=\"alignnone size-medium wp-image-2983\" src=\"https:\/\/bongbaytrangtri.com\/wp-content\/uploads\/2024\/05\/z5480674362735_a5e55fc306930f78aa979bfa9ea7d0b7-483x400.jpg\" alt=\"\" width=\"483\" height=\"400\" srcset=\"https:\/\/bongbaytrangtri.com\/wp-content\/uploads\/2024\/05\/z5480674362735_a5e55fc306930f78aa979bfa9ea7d0b7-483x400.jpg 483w, https:\/\/bongbaytrangtri.com\/wp-content\/uploads\/2024\/05\/z5480674362735_a5e55fc306930f78aa979bfa9ea7d0b7-967x800.jpg 967w, https:\/\/bongbaytrangtri.com\/wp-content\/uploads\/2024\/05\/z5480674362735_a5e55fc306930f78aa979bfa9ea7d0b7-768x636.jpg 768w, https:\/\/bongbaytrangtri.com\/wp-content\/uploads\/2024\/05\/z5480674362735_a5e55fc306930f78aa979bfa9ea7d0b7-600x497.jpg 600w, https:\/\/bongbaytrangtri.com\/wp-content\/uploads\/2024\/05\/z5480674362735_a5e55fc306930f78aa979bfa9ea7d0b7.jpg 1160w\" sizes=\"(max-width: 483px) 100vw, 483px\" \/><\/p>\n<p><img loading=\"lazy\" class=\"alignnone size-medium wp-image-2984\" src=\"https:\/\/bongbaytrangtri.com\/wp-content\/uploads\/2024\/05\/z5480674362736_b8ab229bf9518c7d63054f014cd6dbb6-300x400.jpg\" alt=\"\" width=\"300\" height=\"400\" srcset=\"https:\/\/bongbaytrangtri.com\/wp-content\/uploads\/2024\/05\/z5480674362736_b8ab229bf9518c7d63054f014cd6dbb6-300x400.jpg 300w, https:\/\/bongbaytrangtri.com\/wp-content\/uploads\/2024\/05\/z5480674362736_b8ab229bf9518c7d63054f014cd6dbb6-600x800.jpg 600w, https:\/\/bongbaytrangtri.com\/wp-content\/uploads\/2024\/05\/z5480674362736_b8ab229bf9518c7d63054f014cd6dbb6-768x1024.jpg 768w, https:\/\/bongbaytrangtri.com\/wp-content\/uploads\/2024\/05\/z5480674362736_b8ab229bf9518c7d63054f014cd6dbb6.jpg 1080w\" sizes=\"(max-width: 300px) 100vw, 300px\" \/> <img loading=\"lazy\" class=\"alignnone size-medium wp-image-2985\" src=\"https:\/\/bongbaytrangtri.com\/wp-content\/uploads\/2024\/05\/z5480674362736_b8ab229bf9518c7d63054f014cd6dbb66-408x400.jpg\" alt=\"\" width=\"408\" height=\"400\" srcset=\"https:\/\/bongbaytrangtri.com\/wp-content\/uploads\/2024\/05\/z5480674362736_b8ab229bf9518c7d63054f014cd6dbb66-408x400.jpg 408w, https:\/\/bongbaytrangtri.com\/wp-content\/uploads\/2024\/05\/z5480674362736_b8ab229bf9518c7d63054f014cd6dbb66-816x800.jpg 816w, https:\/\/bongbaytrangtri.com\/wp-content\/uploads\/2024\/05\/z5480674362736_b8ab229bf9518c7d63054f014cd6dbb66-768x753.jpg 768w, https:\/\/bongbaytrangtri.com\/wp-content\/uploads\/2024\/05\/z5480674362736_b8ab229bf9518c7d63054f014cd6dbb66-600x588.jpg 600w, https:\/\/bongbaytrangtri.com\/wp-content\/uploads\/2024\/05\/z5480674362736_b8ab229bf9518c7d63054f014cd6dbb66.jpg 1440w\" sizes=\"(max-width: 408px) 100vw, 408px\" \/><\/p>\n<p><img loading=\"lazy\" class=\"alignnone size-medium wp-image-2986\" src=\"https:\/\/bongbaytrangtri.com\/wp-content\/uploads\/2024\/05\/z5480674363745_8620006d1500320ed6266d6f7740c249-515x400.jpg\" alt=\"\" width=\"515\" height=\"400\" srcset=\"https:\/\/bongbaytrangtri.com\/wp-content\/uploads\/2024\/05\/z5480674363745_8620006d1500320ed6266d6f7740c249-515x400.jpg 515w, https:\/\/bongbaytrangtri.com\/wp-content\/uploads\/2024\/05\/z5480674363745_8620006d1500320ed6266d6f7740c249-1030x800.jpg 1030w, https:\/\/bongbaytrangtri.com\/wp-content\/uploads\/2024\/05\/z5480674363745_8620006d1500320ed6266d6f7740c249-768x596.jpg 768w, https:\/\/bongbaytrangtri.com\/wp-content\/uploads\/2024\/05\/z5480674363745_8620006d1500320ed6266d6f7740c249-600x466.jpg 600w, https:\/\/bongbaytrangtri.com\/wp-content\/uploads\/2024\/05\/z5480674363745_8620006d1500320ed6266d6f7740c249.jpg 1440w\" sizes=\"(max-width: 515px) 100vw, 515px\" \/><br \/>\n&#8212;&#8212;&#8212;&#8212;&#8212;&#8212;&#8212;&#8212;&#8212;&#8212;&#8212;&#8212;<br \/>\n\ud83d\udc49H\u00e3y c\u00f9ng Shark Decor gi\u00fap cho nh\u1eefng b\u1eefa ti\u1ec7c c\u1ee7a b\u1ea1n ho\u00e0n h\u1ea3o h\u01a1n nh\u00e9.<br \/>\n\ud83c\udf81 Shark Decor lu\u00f4n mang \u0111\u1ebfn cho c\u00e1c b\u1ea1n c\u00e1c lo\u1ea1i b\u00f3ng trang tr\u00ed sinh nh\u1eadt \u0111a d\u1ea1ng v\u1ec1 m\u1eabu m\u00e3 c\u0169ng nh\u01b0 m\u00e0u s\u1eafc cho b\u1ea1n tha h\u1ed3 l\u1ef1a ch\u1ecdn \u0111\u1ec3 ph\u00f9 h\u1ee3p v\u1edbi s\u1edf th\u00edch c\u1ee7a b\u1ea1n ho\u1eb7c c\u1ee7a c\u00e1c b\u00e9 y\u00eau.<br \/>\n\ud83d\udd14\u0110\u1ebfn v\u1edbi Shark Decor \u0111\u1ec3 c\u00f3 th\u00eam nh\u1eefng s\u1ef1 l\u1ef1a ch\u1ecdn kh\u00e1c cho sinh nh\u1eadt c\u1ee7a b\u1ea1n nh\u00e9.<br \/>\nTRANG TR\u00cd SINH NH\u1eacT CHO B\u00c9 &#8211; TRANG TR\u00cd SINH NH\u1eacT T\u1ea0I NH\u00c0 &#8211; TRANG TR\u00cd SINH NH\u1eacT \u0110\u1eb8P &#8211; TRANG TR\u00cd SINH NH\u1eacT \u0110\u01a0N GI\u1ea2N<br \/>\nB\u00d3NG BAY TRANG TR\u00cd SINH NH\u1eacT &#8211; SHARK DECOR<br \/>\n\u26a0\ufe0f LI\u00caN H\u1ec6 MUA S\u1ea2N PH\u1ea8M T\u1ea0I:<br \/>\nShark Decor Sinh Nh\u1eadt Con Y\u00eau<br \/>\nShark Decor &#8211; \u0110\u1ed3 trang tr\u00ed sinh nh\u1eadt &#8211; B\u00f3ng bay trang tr\u00ed phong c\u01b0\u1edbi<br \/>\n\u260e\ufe0fHotline: 09666.555.23 &#8211; 08886888.23 &#8211; 0888.888.681<br \/>\n\ud83c\udfeaS\u1ed1 10 Ng\u00f5 54 Ph\u1ed1 Hoa B\u1eb1ng, C\u1ea7u Gi\u1ea5y, H\u00e0 N\u1ed9i<br \/>\n\ud83c\udfea139 C\u1ea7u Gi\u1ea5y &#8211; H\u00e0 N\u1ed9i<br \/>\n\ud83c\udfea299 Trung K\u00ednh &#8211; H\u00e0 N\u1ed9i<br \/>\n\ud83c\udfea353 Nguy\u1ec5n Khang &#8211; H\u00e0 N\u1ed9i<br \/>\n\ud83c\udfea592 Tr\u01b0\u1eddng Chinh &#8211; H\u00e0 N\u1ed9i<br \/>\n\ud83c\udfea368 Quang Trung &#8211; H\u00e0 \u0110\u00f4ng<br \/>\n&#8211; Open : 7AM<br \/>\n&#8211; Close : 9PM<br \/>\n\ud83d\ude9bShip COD to\u00e0n qu\u1ed1c<\/p>\n","protected":false},"excerpt":{"rendered":"<p>#H\u00c3Y_BI\u1ebeN_SINH_NH\u1eacT_C\u1ee6A_B\u00c9 \ud83c\udf89\ud83e\udd29\ud83d\udc78\ud83c\udffc\ud83d\udc68\u200d\ud83c\udfa4\ud83e\udd34\ud83e\udddd\ud83c\udffb\u200d\u2640\ufe0f \ud83d\udc20\ud83d\udc19\ud83d\ude97\ud83d\ude99\ud83e\udd39\u200d\u2642\ufe0f\ud83c\udf3a#TH\u00c0NH_K\u1ec8_NI\u1ec6M_\u0110\u00c1NG_NH\u1eda M\u1ed7i n\u0103m ch\u1ec9 c\u00f3 duy nh\u1ea5t m\u1ed9t ng\u00e0y sinh nh\u1eadt c\u1ee7a b\u00e9, b\u1ed1 m\u1eb9 h\u00e3y bi\u1ebfn ng\u00e0y vui \u0111\u00f3 th\u00e0nh k\u1ec9 ni\u1ec7m kh\u00f3 phai trong t\u00e2m th\u1ee9c tu\u1ed5i th\u01a1 c\u1ee7a b\u00e9 nha&#8230; \ud83c\udf1d\ud83c\udf1e\u2b50\ufe0f\u26a1\ufe0f\ud83c\udf08 \ud83c\udf88\ud83c\udf88Shop _ SHARK DECOR _ Trang Tr\u00ed S\u1ef1 Ki\u1ec7n Sinh Nh\u1eadt \ud83d\udc95 CHUY\u00caN CUNG C\u1ea4P B\u00d3NG BAY HELI , [&#8230;]\n","protected":false},"featured_media":2982,"comment_status":"open","ping_status":"closed","template":"","meta":[],"acf":[],"_links":{"self":[{"href":"https:\/\/bongbaytrangtri.com\/index.php?rest_route=\/wp\/v2\/product\/2978"}],"collection":[{"href":"https:\/\/bongbaytrangtri.com\/index.php?rest_route=\/wp\/v2\/product"}],"about":[{"href":"https:\/\/bongbaytrangtri.com\/index.php?rest_route=\/wp\/v2\/types\/product"}],"replies":[{"embeddable":true,"href":"https:\/\/bongbaytrangtri.com\/index.php?rest_route=%2Fwp%2Fv2%2Fcomments&post=2978"}],"wp:featuredmedia":[{"embeddable":true,"href":"https:\/\/bongbaytrangtri.com\/index.php?rest_route=\/wp\/v2\/media\/2982"}],"wp:attachment":[{"href":"https:\/\/bongbaytrangtri.com\/index.php?rest_route=%2Fwp%2Fv2%2Fmedia&parent=2978"}],"curies":[{"name":"wp","href":"https:\/\/api.w.org\/{rel}","templated":true}]}}