{"id":2952,"date":"2024-05-28T06:41:46","date_gmt":"2024-05-28T06:41:46","guid":{"rendered":"https:\/\/bongbaytrangtri.com\/?post_type=product&#038;p=2952"},"modified":"2024-05-28T06:41:46","modified_gmt":"2024-05-28T06:41:46","slug":"in-logo-thanh-dap-co-vu","status":"publish","type":"product","link":"https:\/\/bongbaytrangtri.com\/?product=in-logo-thanh-dap-co-vu","title":{"rendered":"In Logo Thanh \u0110\u1eadp C\u1ed5 V\u0169"},"content":{"rendered":"<p>In B\u00f3ng \u0111\u1eadp c\u1ed5 v\u0169 &#8211; Thanh \u0111\u1eadp c\u1ed5 v\u0169 | D\u1ee5ng c\u1ed5 c\u1ed5 v\u0169<br \/>\nIn B\u00f3ng \u0111\u1eadp (que \u0111\u1eadp c\u1ed5 v\u0169, c\u00e2y c\u1ed5 v\u0169 hay thanh \u0111\u1eadp c\u1ed5 v\u0169), gi\u00e1 t\u00ednh cho m\u1ed9t c\u1eb7p, Ngo\u00e0i ra c\u00f3 th\u00eam tr\u1ed1ng c\u1ed5 v\u0169, b\u00f4ng tua c\u1ed5 v\u0169, mang l\u1ea1i nhi\u1ec1u nh\u1ecbp \u0111i\u1ec7u kh\u00e1c nhau<br \/>\nGi\u1edbi thi\u1ec7u c\u00e2y \u0111\u1eadp c\u1ed5 v\u0169<br \/>\nC\u00e2y \u0111\u1eadp c\u1ed5 v\u0169 l\u00e0 m\u1ed9t trong nh\u1eefng d\u1ee5ng c\u1ee5 c\u1ed5 v\u0169 ph\u1ed5 bi\u1ebfn nh\u1ea5t hi\u1ec7n nay b\u1edfi l\u1ebd \u0111\u00e2y l\u00e0 v\u1eadt d\u1ee5ng c\u00f3 kh\u1ea3 n\u0103ng t\u1ea1o hi\u1ec7u \u1ee9ng cao \u0111\u1ed3ng th\u1eddi c\u00f3 gi\u00e1 th\u00e0nh kh\u00e1 r\u1ebb, l\u00e0 l\u1ef1a ch\u1ecdn h\u00e0ng \u0111\u1ea7u c\u1ee7a nh\u1eefng ng\u01b0\u1eddi \u0111i c\u1ed5 v\u0169, h\u00ecnh \u1ea3nh c\u00e2y \u0111\u1eadp c\u1ed5 v\u0169 xu\u1ea5t hi\u1ec7n nhi\u1ec1u nh\u1ea5t c\u00f3 l\u1ebd l\u00e0 \u1edf Nh\u1eefng tr\u1eadn \u0111\u00e1 b\u00f3ng, b\u1edfi ch\u01b0\u01a1ng tr\u00ecnh th\u01b0\u1eddng di\u1ec5n ra ngo\u00e0i tr\u1eddi v\u00e0 ban ng\u00e0y hi\u1ec7u \u1ee9ng c\u1ee7a c\u00e2y \u0111\u1eadp t\u1ea1o n\u00ean c\u1ef1c k\u1ef3 m\u1ea1nh m\u1ebd<br \/>\nB\u00f3ng \u0111\u1eadp c\u1ed5 v\u0169 c\u00f3 r\u1ea5t nhi\u1ec1u m\u00e0u s\u1eafc ph\u00f9 h\u1ee3p v\u1edbi m\u00e0u c\u1edd s\u1eafc \u00e1o c\u1ee7a t\u1eebng \u0111\u1ed9i. B\u00f3ng c\u1ed5 v\u0169 nhi\u1ec1u m\u00e0u s\u1eafc xanh, \u0111\u1ecf, cam, v\u00e0ng\u2026 K\u00edch th\u01b0\u1edbc th\u00f4ng th\u01b0\u1eddng 60 x 10cm.<br \/>\nTh\u00f4ng tin s\u1ea3n ph\u1ea9m :<\/p>\n<p>T\u00ean s\u1ea3n ph\u1ea9m: Thanh \u0111\u1eadp c\u1ed5 v\u0169<br \/>\nK\u00edch th\u01b0\u1edbc: Theo y\u00eau c\u1ea7u c\u1ee7a kh\u00e1ch h\u00e0ng<br \/>\nCh\u1ea5t li\u1ec7u: nh\u1ef1a PE d\u1ebbo<br \/>\nM\u00e0u s\u1eafc: \u0111\u1ecf, h\u1ed3ng, v\u00e0ng, cam, xanh l\u00e1, xanh d\u01b0\u01a1ng\u2026<\/p>\n<p><img loading=\"lazy\" class=\"alignnone size-medium wp-image-2945\" src=\"https:\/\/bongbaytrangtri.com\/wp-content\/uploads\/2024\/05\/6-1-276x400.jpg\" alt=\"\" width=\"276\" height=\"400\" srcset=\"https:\/\/bongbaytrangtri.com\/wp-content\/uploads\/2024\/05\/6-1-276x400.jpg 276w, https:\/\/bongbaytrangtri.com\/wp-content\/uploads\/2024\/05\/6-1-553x800.jpg 553w, https:\/\/bongbaytrangtri.com\/wp-content\/uploads\/2024\/05\/6-1-768x1112.jpg 768w, https:\/\/bongbaytrangtri.com\/wp-content\/uploads\/2024\/05\/6-1-600x868.jpg 600w, https:\/\/bongbaytrangtri.com\/wp-content\/uploads\/2024\/05\/6-1.jpg 1024w\" sizes=\"(max-width: 276px) 100vw, 276px\" \/> <img loading=\"lazy\" class=\"alignnone size-full wp-image-2947\" src=\"https:\/\/bongbaytrangtri.com\/wp-content\/uploads\/2024\/05\/images-3.jpg\" alt=\"\" width=\"205\" height=\"246\" \/><\/p>\n<p><img loading=\"lazy\" class=\"alignnone size-full wp-image-2946\" src=\"https:\/\/bongbaytrangtri.com\/wp-content\/uploads\/2024\/05\/images-2.jpg\" alt=\"\" width=\"225\" height=\"225\" srcset=\"https:\/\/bongbaytrangtri.com\/wp-content\/uploads\/2024\/05\/images-2.jpg 225w, https:\/\/bongbaytrangtri.com\/wp-content\/uploads\/2024\/05\/images-2-100x100.jpg 100w\" sizes=\"(max-width: 225px) 100vw, 225px\" \/> <img loading=\"lazy\" class=\"alignnone size-medium wp-image-2768\" src=\"https:\/\/bongbaytrangtri.com\/wp-content\/uploads\/2024\/05\/z4879659901265_809b4950ccbbd24f74ffb38577b1592f-400x400.jpg\" alt=\"\" width=\"400\" height=\"400\" srcset=\"https:\/\/bongbaytrangtri.com\/wp-content\/uploads\/2024\/05\/z4879659901265_809b4950ccbbd24f74ffb38577b1592f-400x400.jpg 400w, https:\/\/bongbaytrangtri.com\/wp-content\/uploads\/2024\/05\/z4879659901265_809b4950ccbbd24f74ffb38577b1592f-280x280.jpg 280w, https:\/\/bongbaytrangtri.com\/wp-content\/uploads\/2024\/05\/z4879659901265_809b4950ccbbd24f74ffb38577b1592f-768x768.jpg 768w, https:\/\/bongbaytrangtri.com\/wp-content\/uploads\/2024\/05\/z4879659901265_809b4950ccbbd24f74ffb38577b1592f-600x600.jpg 600w, https:\/\/bongbaytrangtri.com\/wp-content\/uploads\/2024\/05\/z4879659901265_809b4950ccbbd24f74ffb38577b1592f-100x100.jpg 100w, https:\/\/bongbaytrangtri.com\/wp-content\/uploads\/2024\/05\/z4879659901265_809b4950ccbbd24f74ffb38577b1592f.jpg 800w\" sizes=\"(max-width: 400px) 100vw, 400px\" \/><\/p>\n<p><img loading=\"lazy\" class=\"alignnone size-medium wp-image-2767\" src=\"https:\/\/bongbaytrangtri.com\/wp-content\/uploads\/2024\/05\/z4879659632040_6c08977be677f101f49ec9ecd3602d23-400x400.jpg\" alt=\"\" width=\"400\" height=\"400\" srcset=\"https:\/\/bongbaytrangtri.com\/wp-content\/uploads\/2024\/05\/z4879659632040_6c08977be677f101f49ec9ecd3602d23-400x400.jpg 400w, https:\/\/bongbaytrangtri.com\/wp-content\/uploads\/2024\/05\/z4879659632040_6c08977be677f101f49ec9ecd3602d23-280x280.jpg 280w, https:\/\/bongbaytrangtri.com\/wp-content\/uploads\/2024\/05\/z4879659632040_6c08977be677f101f49ec9ecd3602d23-600x600.jpg 600w, https:\/\/bongbaytrangtri.com\/wp-content\/uploads\/2024\/05\/z4879659632040_6c08977be677f101f49ec9ecd3602d23-100x100.jpg 100w, https:\/\/bongbaytrangtri.com\/wp-content\/uploads\/2024\/05\/z4879659632040_6c08977be677f101f49ec9ecd3602d23.jpg 720w\" sizes=\"(max-width: 400px) 100vw, 400px\" \/> <img loading=\"lazy\" class=\"alignnone size-full wp-image-2770\" src=\"https:\/\/bongbaytrangtri.com\/wp-content\/uploads\/2024\/05\/z4879659779257_b98b6bed17f84334b6af9fc4acae904e.jpg\" alt=\"\" width=\"280\" height=\"280\" srcset=\"https:\/\/bongbaytrangtri.com\/wp-content\/uploads\/2024\/05\/z4879659779257_b98b6bed17f84334b6af9fc4acae904e.jpg 280w, https:\/\/bongbaytrangtri.com\/wp-content\/uploads\/2024\/05\/z4879659779257_b98b6bed17f84334b6af9fc4acae904e-100x100.jpg 100w\" sizes=\"(max-width: 280px) 100vw, 280px\" \/><br \/>\n\u260e\ufe0fHotline: 09666.555.23<br \/>\n\ud83c\udfeaS\u1ed1 10 ng\u00f5 54 Hoa B\u1eb1ng, C\u1ea7u Gi\u1ea5y, H\u00e0 N\u1ed9i<br \/>\n&#8211; Open : 8AM<br \/>\n&#8211; Close : 9PM<br \/>\n\ud83d\ude9bShip COD to\u00e0n qu\u1ed1c<br \/>\nXem th\u00eam c\u00e1c s\u1ea3n ph\u1ea9m kh\u00e1c c\u1ee7a Shark Decor nhi\u1ec1u h\u01a1n t\u1ea1i:<br \/>\nhttp:\/\/www.bongbaysinhnhat.com<br \/>\nB\u00f3ng \u0111\u1eadp m\u1ecfng, nh\u01b0ng c\u00f3 \u0111\u1ed9 dai, b\u1ec1n, khi \u0111\u1eadp v\u00e0o nhau s\u1ebd k\u00eau r\u1ea5t vui tai, t\u1ea1o n\u00ean nh\u1eefng \u00e2m thanh s\u00f4i \u0111\u1ed9ng khi c\u1ed5 \u0111\u1ed9ng, Th\u1eddi gian g\u1ea7n \u0111\u00e2y, xu\u1ea5t hi\u1ec7n th\u00eam nhi\u1ec1u lo\u1ea1i thanh \u0111\u1eadp ph\u00e1t s\u00e1ng, \u0111\u00e8n led, ch\u1ea1y pin, ho\u1eb7c ph\u00e1t quang, nh\u01b0ng th\u00f4ng d\u1ee5ng nh\u1ea5t v\u1eabn l\u00e0 lo\u1ea1i b\u00f3ng \u0111\u1eadp th\u00f4ng th\u01b0\u1eddng, gi\u00e1 r\u1ebb, \u0111\u1ed9 b\u1ec1n cao. Ch\u00fang t\u00f4i hi\u1ec7n nay \u0111\u00e3 ph\u00e1t tri\u1ec3n t\u1eeb in b\u00f3ng \u0111\u1eadp l\u00ean in b\u00f3ng bay, in tr\u00ean nhi\u1ec1u lo\u1ea1i d\u1ee5ng c\u1ee5 c\u1ed5 \u0111\u1ed9ng, c\u1ed5 v\u0169 ca nh\u1ea1c, s\u1ef1 ki\u1ec7n, th\u1ec3 thao<\/p>\n<p>Mu\u1ed1n qu\u1ea3ng b\u00e1 th\u01b0\u01a1ng hi\u1ec7u, h\u00e3y in tr\u00ean thanh \u0111\u1eadp c\u1ed5 c\u0169, que \u0111\u1eadp nhi\u1ec1u m\u00e0u, 1 m\u00e0u, logo&#8230;Gi\u00e1 b\u00f3ng \u0111\u1eadp c\u1ed5 v\u0169 l\u1ea1i kh\u00e1 l\u00e0 r\u1ebb cho m\u1ed9t m\u1ee5c \u0111\u00edch qu\u1ea3ng b\u00e1 th\u01b0\u01a1ng hi\u1ec7u. Do ch\u1ea5t li\u1ec7u thanh \u0111\u1eadp l\u00e0 ni l\u00f4ng PP, n\u00ean m\u1ed7i l\u1ea7n in bu\u1ed9c ph\u1ea3i ch\u1ee5p b\u1ea3n, d\u00e3n t\u1edbi gia th\u00e0nh cao, m\u1ea5t th\u1eddi gian, n\u00ean th\u01b0\u1eddng khi in ph\u1ea3i in v\u1edbi s\u1ed1 l\u01b0\u1ee3ng l\u1edbn, n\u1ebfu in thanh c\u1ed5 v\u0169 s\u1ed1 l\u01b0\u1ee3ng nh\u1ecf, gi\u00e1 th\u00e0nh s\u1ebd r\u1ea5t cao<br \/>\nM\u1ed7i t\u00fai c\u00f3 2 b\u00f3ng ( l\u00e0 1 c\u1eb7p), c\u00f3 que th\u1ed5i b\u00ean trong. Khi th\u1ed5i b\u00f3ng xong, r\u00fat \u1ed1ng th\u1ed5i, v\u00e0 l\u1ea5y t\u1ea1y b\u1ecbt ch\u1eb7t \u0111\u1ea7u, tr\u00e1nh b\u00f3ng kh\u00f4ng x\u1ecbt. Ch\u00fa \u00fd: b\u00f3ng \u0111\u1eadp ch\u1ec9 d\u00f9ng \u0111\u01b0\u1ee3c 1 l\u1ea7n<br \/>\nH\u00e3y l\u00e0m t\u0103ng th\u00eam tinh th\u1ea7n cho \u0111\u1ed3ng \u0111\u1ed9i c\u1ee7a m\u00ecnh b\u1eb1ng nh\u1eefng d\u1ee5ng c\u1ee5 c\u1ed5 v\u0169 chuy\u00ean nghi\u1ec7p.<br \/>\n#thanhdapcovu #banthanhdapcovu #thanhdapcovugiare #diachibanthanhdapcovu #muathanhdapcovu #bongdapcovu #gaydapcovu<br \/>\n#thanhdapcovubongda #thanhdapcovuhanoi #thanhdapcovuohanoi #banbongdapcovu #bangaydapcovu<br \/>\n#thanhdapcodong #bongdapcodong #muathanhdapcovuohanoi #diachibanthanhdapcovuohanoi #banthanhdapcovugiare #thanhdapcovutaihanoi<\/p>\n","protected":false},"excerpt":{"rendered":"<p>In B\u00f3ng \u0111\u1eadp c\u1ed5 v\u0169 &#8211; Thanh \u0111\u1eadp c\u1ed5 v\u0169 | D\u1ee5ng c\u1ed5 c\u1ed5 v\u0169 In B\u00f3ng \u0111\u1eadp (que \u0111\u1eadp c\u1ed5 v\u0169, c\u00e2y c\u1ed5 v\u0169 hay thanh \u0111\u1eadp c\u1ed5 v\u0169), gi\u00e1 t\u00ednh cho m\u1ed9t c\u1eb7p, Ngo\u00e0i ra c\u00f3 th\u00eam tr\u1ed1ng c\u1ed5 v\u0169, b\u00f4ng tua c\u1ed5 v\u0169, mang l\u1ea1i nhi\u1ec1u nh\u1ecbp \u0111i\u1ec7u kh\u00e1c nhau Gi\u1edbi thi\u1ec7u [&#8230;]\n","protected":false},"featured_media":2947,"comment_status":"open","ping_status":"closed","template":"","meta":[],"acf":[],"_links":{"self":[{"href":"https:\/\/bongbaytrangtri.com\/index.php?rest_route=\/wp\/v2\/product\/2952"}],"collection":[{"href":"https:\/\/bongbaytrangtri.com\/index.php?rest_route=\/wp\/v2\/product"}],"about":[{"href":"https:\/\/bongbaytrangtri.com\/index.php?rest_route=\/wp\/v2\/types\/product"}],"replies":[{"embeddable":true,"href":"https:\/\/bongbaytrangtri.com\/index.php?rest_route=%2Fwp%2Fv2%2Fcomments&post=2952"}],"wp:featuredmedia":[{"embeddable":true,"href":"https:\/\/bongbaytrangtri.com\/index.php?rest_route=\/wp\/v2\/media\/2947"}],"wp:attachment":[{"href":"https:\/\/bongbaytrangtri.com\/index.php?rest_route=%2Fwp%2Fv2%2Fmedia&parent=2952"}],"curies":[{"name":"wp","href":"https:\/\/api.w.org\/{rel}","templated":true}]}}