{"id":2944,"date":"2024-05-28T06:40:16","date_gmt":"2024-05-28T06:40:16","guid":{"rendered":"https:\/\/bongbaytrangtri.com\/?post_type=product&#038;p=2944"},"modified":"2024-05-28T06:40:16","modified_gmt":"2024-05-28T06:40:16","slug":"in-thanh-dap-co-vu","status":"publish","type":"product","link":"https:\/\/bongbaytrangtri.com\/?product=in-thanh-dap-co-vu","title":{"rendered":"In Thanh \u0110\u1eadp C\u1ed5 V\u0169"},"content":{"rendered":"<p>In B\u00f3ng \u0110\u1eadp C\u1ed5 \u0110\u1ed9ng , Thanh \u0111\u1eadp c\u1ed5 v\u0169 b\u00f3ng \u0111\u00e1 cung c\u1ea5p c\u00e1c s\u1ea3n ph\u1ea9m d\u1ee5ng c\u1ee5 c\u1ed5 \u0111\u1ed9ng<br \/>\n&#8211; M\u00e0u s\u1eafc : Xanh l\u00e1, xanh lam, v\u00e0ng, \u0111\u1ecf, h\u1ed3ng, tr\u1eafng&#8230;. (qu\u00fd kh\u00e1ch vui l\u00f2ng inbox ch\u1ecdn m\u00e0u)<br \/>\n&#8211; K\u00edch th\u01b0\u1edbc: 60 * 10cm<br \/>\n-C\u00f3 van t\u1ef1 kh\u00f3a sau khi b\u01a1m.<br \/>\n-Ch\u1ea5t li\u1ec7u: Nh\u1ef1a PE (R\u1ea5t d\u00e0y v\u00e0 b\u1ec1n)<\/p>\n<p><img loading=\"lazy\" class=\"alignnone size-medium wp-image-2945\" src=\"https:\/\/bongbaytrangtri.com\/wp-content\/uploads\/2024\/05\/6-1-276x400.jpg\" alt=\"\" width=\"276\" height=\"400\" srcset=\"https:\/\/bongbaytrangtri.com\/wp-content\/uploads\/2024\/05\/6-1-276x400.jpg 276w, https:\/\/bongbaytrangtri.com\/wp-content\/uploads\/2024\/05\/6-1-553x800.jpg 553w, https:\/\/bongbaytrangtri.com\/wp-content\/uploads\/2024\/05\/6-1-768x1112.jpg 768w, https:\/\/bongbaytrangtri.com\/wp-content\/uploads\/2024\/05\/6-1-600x868.jpg 600w, https:\/\/bongbaytrangtri.com\/wp-content\/uploads\/2024\/05\/6-1.jpg 1024w\" sizes=\"(max-width: 276px) 100vw, 276px\" \/> <img loading=\"lazy\" class=\"alignnone size-medium wp-image-2946\" src=\"https:\/\/bongbaytrangtri.com\/wp-content\/uploads\/2024\/05\/images-2.jpg\" alt=\"\" width=\"225\" height=\"225\" srcset=\"https:\/\/bongbaytrangtri.com\/wp-content\/uploads\/2024\/05\/images-2.jpg 225w, https:\/\/bongbaytrangtri.com\/wp-content\/uploads\/2024\/05\/images-2-100x100.jpg 100w\" sizes=\"(max-width: 225px) 100vw, 225px\" \/><\/p>\n<p><img loading=\"lazy\" class=\"alignnone size-medium wp-image-2947\" src=\"https:\/\/bongbaytrangtri.com\/wp-content\/uploads\/2024\/05\/images-3.jpg\" alt=\"\" width=\"205\" height=\"246\" \/> <img loading=\"lazy\" class=\"alignnone size-medium wp-image-2948\" src=\"https:\/\/bongbaytrangtri.com\/wp-content\/uploads\/2024\/05\/thanh_gap_co_vu_800x800-400x400.jpg\" alt=\"\" width=\"400\" height=\"400\" srcset=\"https:\/\/bongbaytrangtri.com\/wp-content\/uploads\/2024\/05\/thanh_gap_co_vu_800x800-400x400.jpg 400w, https:\/\/bongbaytrangtri.com\/wp-content\/uploads\/2024\/05\/thanh_gap_co_vu_800x800-280x280.jpg 280w, https:\/\/bongbaytrangtri.com\/wp-content\/uploads\/2024\/05\/thanh_gap_co_vu_800x800-768x768.jpg 768w, https:\/\/bongbaytrangtri.com\/wp-content\/uploads\/2024\/05\/thanh_gap_co_vu_800x800-600x600.jpg 600w, https:\/\/bongbaytrangtri.com\/wp-content\/uploads\/2024\/05\/thanh_gap_co_vu_800x800-100x100.jpg 100w, https:\/\/bongbaytrangtri.com\/wp-content\/uploads\/2024\/05\/thanh_gap_co_vu_800x800.jpg 800w\" sizes=\"(max-width: 400px) 100vw, 400px\" \/><\/p>\n<p><img loading=\"lazy\" class=\"alignnone size-medium wp-image-2949\" src=\"https:\/\/bongbaytrangtri.com\/wp-content\/uploads\/2024\/05\/thanh-dap-co-vu-300x400.jpg\" alt=\"\" width=\"300\" height=\"400\" srcset=\"https:\/\/bongbaytrangtri.com\/wp-content\/uploads\/2024\/05\/thanh-dap-co-vu-300x400.jpg 300w, https:\/\/bongbaytrangtri.com\/wp-content\/uploads\/2024\/05\/thanh-dap-co-vu.jpg 450w\" sizes=\"(max-width: 300px) 100vw, 300px\" \/> <img loading=\"lazy\" class=\"alignnone size-medium wp-image-2950\" src=\"https:\/\/bongbaytrangtri.com\/wp-content\/uploads\/2024\/05\/thanh-dap-co-vu-bong-da-2-400x400.jpg\" alt=\"\" width=\"400\" height=\"400\" srcset=\"https:\/\/bongbaytrangtri.com\/wp-content\/uploads\/2024\/05\/thanh-dap-co-vu-bong-da-2-400x400.jpg 400w, https:\/\/bongbaytrangtri.com\/wp-content\/uploads\/2024\/05\/thanh-dap-co-vu-bong-da-2-280x280.jpg 280w, https:\/\/bongbaytrangtri.com\/wp-content\/uploads\/2024\/05\/thanh-dap-co-vu-bong-da-2-600x600.jpg 600w, https:\/\/bongbaytrangtri.com\/wp-content\/uploads\/2024\/05\/thanh-dap-co-vu-bong-da-2-100x100.jpg 100w, https:\/\/bongbaytrangtri.com\/wp-content\/uploads\/2024\/05\/thanh-dap-co-vu-bong-da-2.jpg 670w\" sizes=\"(max-width: 400px) 100vw, 400px\" \/><\/p>\n<p><img loading=\"lazy\" class=\"alignnone size-medium wp-image-2951\" src=\"https:\/\/bongbaytrangtri.com\/wp-content\/uploads\/2024\/05\/thanh-dap-co-vu-bong-da.jpg\" alt=\"\" width=\"210\" height=\"210\" srcset=\"https:\/\/bongbaytrangtri.com\/wp-content\/uploads\/2024\/05\/thanh-dap-co-vu-bong-da.jpg 210w, https:\/\/bongbaytrangtri.com\/wp-content\/uploads\/2024\/05\/thanh-dap-co-vu-bong-da-100x100.jpg 100w\" sizes=\"(max-width: 210px) 100vw, 210px\" \/><br \/>\n&#8211; D\u00f9ng c\u1ed5 \u0111\u1ed9ng trong c\u00e1c ch\u01b0\u01a1ng tr\u00ecnh ca nh\u1ea1c, b\u00f3ng \u0111\u00e1, s\u1ef1 ki\u1ec7n, &#8230;<br \/>\nM\u1ed7i thanh \u0111\u1eadp s\u1ebd k\u00e8m 1 \u1ed1ng h\u00fat \u0111\u1ec3 th\u1ed5i<br \/>\nc\u00e1ch th\u1ed5i thanh \u0111\u1eadp c\u1ed5 v\u0169: H\u01b0\u1edbng d\u1eabn s\u1eed d\u1ee5ng:<br \/>\n1\/M\u1ed7i c\u1eb7p bong b\u00f3ng \u0111\u1ec1u c\u00f3 trang b\u1ecb 1 \u1ed1ng h\u00fat \u0111\u1ec3 th\u1ed5i thanh c\u00e2y bong b\u00f3ng \u0111\u1eadp c\u1ed5 v\u0169.<br \/>\n2\/Cho \u1ed1ng h\u00fat v\u00e0o van \u1edf d\u01b0\u1edbi \u0111\u00edt v\u00e0 th\u1ed5i.<br \/>\n3\/Sau khi th\u1ed5i c\u0103ng r\u00fat \u1ed1ng h\u00fat ra van t\u1ef1 kh\u00f3a v\u00e0 s\u1eed d\u1ee5ng.<br \/>\nshop cung c\u1ea5p thanh \u0111\u1eadp c\u1ed5 v\u0169 b\u00f3ng \u0111\u00e1 to\u00e0n qu\u1ed1c, g\u1eedi \u0111i c\u00e1c t\u1ec9nh: h\u00e0 n\u1ed9i,thanh h\u00f3a, h\u1ed3 ch\u00ed minh, ngh\u1ec7 an, \u0111\u00e0 n\u1eb5ng<br \/>\nMUA S\u1ec8 VUI L\u00d2NG INBOX HO\u1eb6C LI\u00caN H\u1ec6<br \/>\n\u260e\ufe0fHotline: 09666.555.23<br \/>\n\ud83c\udfeaS\u1ed1 10 ng\u00f5 54 Hoa B\u1eb1ng, C\u1ea7u Gi\u1ea5y, H\u00e0 N\u1ed9i<br \/>\n&#8211; Open : 8AM<br \/>\n&#8211; Close : 9PM<br \/>\n\ud83d\ude9bShip COD to\u00e0n qu\u1ed1c<br \/>\nXem th\u00eam c\u00e1c s\u1ea3n ph\u1ea9m kh\u00e1c c\u1ee7a Shark Decor nhi\u1ec1u h\u01a1n t\u1ea1i:<br \/>\nhttp:\/\/www.bongbaysinhnhat.com<br \/>\n#d\u1ee5ng_c\u1ee5_c\u1ed5_\u0111\u1ed9ng #thanh_\u0111\u1eadp_c\u1ed5_v\u0169 #thanh_\u0111\u1eadp_c\u1ed5_v\u0169 _\u0111\u00e0_n\u1eb5ng #thanh_\u0111\u1eadp_c\u1ed5_v\u0169_tphcm #mua_thanh_\u0111\u1eadp_c\u1ed5_v\u0169_\u1edf_h\u00e0_n\u1ed9i #b\u00f3ng_\u0111\u1eadp_c\u1ed5_v\u0169 #g\u1eady_c\u1ed5_v\u0169<br \/>\n#thanhdapcovu #banthanhdapcovu #thanhdapcovugiare #diachibanthanhdapcovu #muathanhdapcovu #bongdapcovu<br \/>\n#gaydapcovu #thanhdapcovubongda #thanhdapcovuhanoi #thanhdapcovuohanoi #banbongdapcovu #bangaydapcovu #thanhdapcodong #bongdapcodong #muathanhdapcovuohanoi<br \/>\n#diachibanthanhdapcovuohanoi #banthanhdapcovugiare #thanhdapcovutaihanoi<\/p>\n","protected":false},"excerpt":{"rendered":"<p>In B\u00f3ng \u0110\u1eadp C\u1ed5 \u0110\u1ed9ng , Thanh \u0111\u1eadp c\u1ed5 v\u0169 b\u00f3ng \u0111\u00e1 cung c\u1ea5p c\u00e1c s\u1ea3n ph\u1ea9m d\u1ee5ng c\u1ee5 c\u1ed5 \u0111\u1ed9ng &#8211; M\u00e0u s\u1eafc : Xanh l\u00e1, xanh lam, v\u00e0ng, \u0111\u1ecf, h\u1ed3ng, tr\u1eafng&#8230;. (qu\u00fd kh\u00e1ch vui l\u00f2ng inbox ch\u1ecdn m\u00e0u) &#8211; K\u00edch th\u01b0\u1edbc: 60 * 10cm -C\u00f3 van t\u1ef1 kh\u00f3a sau khi b\u01a1m. -Ch\u1ea5t li\u1ec7u: [&#8230;]\n","protected":false},"featured_media":2945,"comment_status":"open","ping_status":"closed","template":"","meta":[],"acf":[],"_links":{"self":[{"href":"https:\/\/bongbaytrangtri.com\/index.php?rest_route=\/wp\/v2\/product\/2944"}],"collection":[{"href":"https:\/\/bongbaytrangtri.com\/index.php?rest_route=\/wp\/v2\/product"}],"about":[{"href":"https:\/\/bongbaytrangtri.com\/index.php?rest_route=\/wp\/v2\/types\/product"}],"replies":[{"embeddable":true,"href":"https:\/\/bongbaytrangtri.com\/index.php?rest_route=%2Fwp%2Fv2%2Fcomments&post=2944"}],"wp:featuredmedia":[{"embeddable":true,"href":"https:\/\/bongbaytrangtri.com\/index.php?rest_route=\/wp\/v2\/media\/2945"}],"wp:attachment":[{"href":"https:\/\/bongbaytrangtri.com\/index.php?rest_route=%2Fwp%2Fv2%2Fmedia&parent=2944"}],"curies":[{"name":"wp","href":"https:\/\/api.w.org\/{rel}","templated":true}]}}