{"id":2894,"date":"2024-05-28T06:20:48","date_gmt":"2024-05-28T06:20:48","guid":{"rendered":"https:\/\/bongbaytrangtri.com\/?post_type=product&#038;p=2894"},"modified":"2024-05-28T06:20:48","modified_gmt":"2024-05-28T06:20:48","slug":"binh-khi-hidro-binh-bom-bong-hidro","status":"publish","type":"product","link":"https:\/\/bongbaytrangtri.com\/?product=binh-khi-hidro-binh-bom-bong-hidro","title":{"rendered":"B\u00ccNH KH\u00cd HIDRO , B\u00ccNH B\u01a0M B\u00d3NG HIDRO"},"content":{"rendered":"<div dir=\"auto\">B\u00c1N B\u00ccNH KH\u00cd HIDRO , B\u00c1N B\u00ccNH B\u01a0M B\u00d3NG HIDRO L\u00c0M NGH\u1ec0<\/div>\n<div dir=\"auto\"><img loading=\"lazy\" class=\"alignnone size-medium wp-image-2895\" src=\"https:\/\/bongbaytrangtri.com\/wp-content\/uploads\/2024\/05\/15036162_1257574170981777_8181856067202516932_n-300x400.jpg\" alt=\"\" width=\"300\" height=\"400\" srcset=\"https:\/\/bongbaytrangtri.com\/wp-content\/uploads\/2024\/05\/15036162_1257574170981777_8181856067202516932_n-300x400.jpg 300w, https:\/\/bongbaytrangtri.com\/wp-content\/uploads\/2024\/05\/15036162_1257574170981777_8181856067202516932_n-600x800.jpg 600w, https:\/\/bongbaytrangtri.com\/wp-content\/uploads\/2024\/05\/15036162_1257574170981777_8181856067202516932_n.jpg 720w\" sizes=\"(max-width: 300px) 100vw, 300px\" \/><\/div>\n<div dir=\"auto\"><img loading=\"lazy\" class=\"alignnone size-medium wp-image-2896\" src=\"https:\/\/bongbaytrangtri.com\/wp-content\/uploads\/2024\/05\/22049800_1684458974959959_439534750860362918_n-403x400.jpg\" alt=\"\" width=\"403\" height=\"400\" srcset=\"https:\/\/bongbaytrangtri.com\/wp-content\/uploads\/2024\/05\/22049800_1684458974959959_439534750860362918_n-403x400.jpg 403w, https:\/\/bongbaytrangtri.com\/wp-content\/uploads\/2024\/05\/22049800_1684458974959959_439534750860362918_n-100x100.jpg 100w, https:\/\/bongbaytrangtri.com\/wp-content\/uploads\/2024\/05\/22049800_1684458974959959_439534750860362918_n.jpg 480w\" sizes=\"(max-width: 403px) 100vw, 403px\" \/><\/div>\n<div dir=\"auto\"><img loading=\"lazy\" class=\"alignnone size-medium wp-image-2897\" src=\"https:\/\/bongbaytrangtri.com\/wp-content\/uploads\/2024\/05\/22540156_1708709005868289_6416649795122845174_n-300x400.jpg\" alt=\"\" width=\"300\" height=\"400\" srcset=\"https:\/\/bongbaytrangtri.com\/wp-content\/uploads\/2024\/05\/22540156_1708709005868289_6416649795122845174_n-300x400.jpg 300w, https:\/\/bongbaytrangtri.com\/wp-content\/uploads\/2024\/05\/22540156_1708709005868289_6416649795122845174_n.jpg 370w\" sizes=\"(max-width: 300px) 100vw, 300px\" \/><\/div>\n<div dir=\"auto\"><img loading=\"lazy\" class=\"alignnone size-medium wp-image-2898\" src=\"https:\/\/bongbaytrangtri.com\/wp-content\/uploads\/2024\/05\/ban-binh-bom-bong-bay-hidro-gia-re-tai-ha-noi-400x400.jpg\" alt=\"\" width=\"400\" height=\"400\" srcset=\"https:\/\/bongbaytrangtri.com\/wp-content\/uploads\/2024\/05\/ban-binh-bom-bong-bay-hidro-gia-re-tai-ha-noi-400x400.jpg 400w, https:\/\/bongbaytrangtri.com\/wp-content\/uploads\/2024\/05\/ban-binh-bom-bong-bay-hidro-gia-re-tai-ha-noi-800x800.jpg 800w, https:\/\/bongbaytrangtri.com\/wp-content\/uploads\/2024\/05\/ban-binh-bom-bong-bay-hidro-gia-re-tai-ha-noi-280x280.jpg 280w, https:\/\/bongbaytrangtri.com\/wp-content\/uploads\/2024\/05\/ban-binh-bom-bong-bay-hidro-gia-re-tai-ha-noi-768x768.jpg 768w, https:\/\/bongbaytrangtri.com\/wp-content\/uploads\/2024\/05\/ban-binh-bom-bong-bay-hidro-gia-re-tai-ha-noi-600x600.jpg 600w, https:\/\/bongbaytrangtri.com\/wp-content\/uploads\/2024\/05\/ban-binh-bom-bong-bay-hidro-gia-re-tai-ha-noi-100x100.jpg 100w, https:\/\/bongbaytrangtri.com\/wp-content\/uploads\/2024\/05\/ban-binh-bom-bong-bay-hidro-gia-re-tai-ha-noi.jpg 960w\" sizes=\"(max-width: 400px) 100vw, 400px\" \/><\/div>\n<div dir=\"auto\"><img loading=\"lazy\" class=\"alignnone size-medium wp-image-2899\" src=\"https:\/\/bongbaytrangtri.com\/wp-content\/uploads\/2024\/05\/z3072733655961_d47b682a477e402ff5acd392b4f2fc89-300x400.jpg\" alt=\"\" width=\"300\" height=\"400\" srcset=\"https:\/\/bongbaytrangtri.com\/wp-content\/uploads\/2024\/05\/z3072733655961_d47b682a477e402ff5acd392b4f2fc89-300x400.jpg 300w, https:\/\/bongbaytrangtri.com\/wp-content\/uploads\/2024\/05\/z3072733655961_d47b682a477e402ff5acd392b4f2fc89-600x800.jpg 600w, https:\/\/bongbaytrangtri.com\/wp-content\/uploads\/2024\/05\/z3072733655961_d47b682a477e402ff5acd392b4f2fc89-768x1024.jpg 768w, https:\/\/bongbaytrangtri.com\/wp-content\/uploads\/2024\/05\/z3072733655961_d47b682a477e402ff5acd392b4f2fc89-1152x1536.jpg 1152w, https:\/\/bongbaytrangtri.com\/wp-content\/uploads\/2024\/05\/z3072733655961_d47b682a477e402ff5acd392b4f2fc89-1536x2048.jpg 1536w, https:\/\/bongbaytrangtri.com\/wp-content\/uploads\/2024\/05\/z3072733655961_d47b682a477e402ff5acd392b4f2fc89.jpg 1920w\" sizes=\"(max-width: 300px) 100vw, 300px\" \/><\/div>\n<div dir=\"auto\">Chuy\u00ean cung c\u1ea5p b\u00ecnh b\u01a1m b\u00f3ng bay, b\u00ecnh kh\u00ed b\u01a1m b\u00f3ng bay t\u1ea1i h\u00e0 n\u1ed9i 09666.555.23<\/div>\n<div dir=\"auto\">Chuy\u00ean b\u00e1n b\u00ecnh b\u01a1m b\u00f3ng bay kh\u00ed t\u1ea1i h\u00e0 n\u1ed9i<\/div>\n<div dir=\"auto\">H\u01b0\u1edbng d\u1eabn l\u00e0m ngh\u1ec1, pha b\u1ed9t kh\u00ed b\u01a1m hidro b\u00e1n b\u00f3ng bay<\/div>\n<div dir=\"auto\">Nh\u1eadn cung c\u1ea5p c\u00e1c lo\u1ea1i b\u1ed9t kh\u00ed b\u01a1m b\u00f3ng bay t\u1ea1i h\u00e0 n\u1ed9i<\/div>\n<div dir=\"auto\">C\u1eeda h\u00e0ng b\u00c1n b\u00ecnh b\u01a1m b\u00f3ng bay, b\u1ed9t b\u01a1m b\u00f3ng bay<\/div>\n<div dir=\"auto\">C\u1eeda h\u00e0ng chuy\u00ean cung c\u1ea5p b\u00e1n c\u00e1c lo\u1ea1i b\u00ecnh kh\u00ed b\u01a1m b\u00f3ng bay, heli, hidro, oxi t\u1ea1i h\u00e0 n\u1ed9i<\/div>\n<div dir=\"auto\">B\u00e1n m\u00e1y b\u01a1m b\u00f3ng bay t\u1ea1i h\u00e0 n\u1ed9i<\/div>\n<div dir=\"auto\">Chuy\u00ean b\u00e1n m\u00e1y b\u01a1m b\u00f3ng bay, b\u00ecnh b\u01a1m b\u00f3ng bay t\u1ea1i h\u00e0 n\u1ed9i<\/div>\n<div dir=\"auto\">B\u00e1n m\u00e1y b\u01a1m b\u00f3ng bay c\u1eafm \u0111i\u1ec7n 2 v\u00f2i ( b\u01a1m b\u00f3ng kh\u00f4ng bay \u0111\u01b0\u1ee3c)<\/div>\n<div dir=\"auto\">B\u00e1n b\u00ecnh b\u01a1m kh\u00ed heli mini ( 13l, 22l, 40l)<\/div>\n<div dir=\"auto\">B\u00e1n b\u00ecnh b\u01a1m kh\u00ed hidro ( ph\u1ee5c v\u1ee5 cho kinh doanh si\u00eau l\u1ee3i nhu\u1eadn)<\/div>\n<div dir=\"auto\">B\u00e1n c\u00e1c lo\u1ea1i nguy\u00ean li\u1ec7u t\u1ea1o kh\u00ed hidro b\u01a1m b\u00f3ng bay<\/div>\n<div dir=\"auto\">\u0110\u1ecba ch\u1ec9<\/div>\n<div dir=\"auto\"><span class=\"html-span xexx8yu x4uap5 x18d9i69 xkhd6sd x1hl2dhg x16tdsg8 x1vvkbs x3nfvp2 x1j61x8r x1fcty0u xdj266r xhhsvwb xat24cr xgzva0m xxymvpz xlup9mm x1kky2od\"><img loading=\"lazy\" class=\"xz74otr\" src=\"https:\/\/static.xx.fbcdn.net\/images\/emoji.php\/v9\/t51\/1\/16\/1f449.png\" alt=\"\ud83d\udc49\" width=\"16\" height=\"16\" \/><\/span>s\u1ed1 299 TRUNG K\u00cdNH<\/div>\n<div dir=\"auto\"><span class=\"html-span xexx8yu x4uap5 x18d9i69 xkhd6sd x1hl2dhg x16tdsg8 x1vvkbs x3nfvp2 x1j61x8r x1fcty0u xdj266r xhhsvwb xat24cr xgzva0m xxymvpz xlup9mm x1kky2od\"><img loading=\"lazy\" class=\"xz74otr\" src=\"https:\/\/static.xx.fbcdn.net\/images\/emoji.php\/v9\/t51\/1\/16\/1f449.png\" alt=\"\ud83d\udc49\" width=\"16\" height=\"16\" \/><\/span>98 kh\u00e2m thi\u00ean<\/div>\n<div dir=\"auto\"><span class=\"html-span xexx8yu x4uap5 x18d9i69 xkhd6sd x1hl2dhg x16tdsg8 x1vvkbs x3nfvp2 x1j61x8r x1fcty0u xdj266r xhhsvwb xat24cr xgzva0m xxymvpz xlup9mm x1kky2od\"><img loading=\"lazy\" class=\"xz74otr\" src=\"https:\/\/static.xx.fbcdn.net\/images\/emoji.php\/v9\/t51\/1\/16\/1f449.png\" alt=\"\ud83d\udc49\" width=\"16\" height=\"16\" \/><\/span>67 th\u00e1i th\u1ecbnh,\u0111\u1ed1ng \u0111a,h\u00e0 n\u1ed9i<\/div>\n<div dir=\"auto\"><span class=\"html-span xexx8yu x4uap5 x18d9i69 xkhd6sd x1hl2dhg x16tdsg8 x1vvkbs x3nfvp2 x1j61x8r x1fcty0u xdj266r xhhsvwb xat24cr xgzva0m xxymvpz xlup9mm x1kky2od\"><img loading=\"lazy\" class=\"xz74otr\" src=\"https:\/\/static.xx.fbcdn.net\/images\/emoji.php\/v9\/t51\/1\/16\/1f449.png\" alt=\"\ud83d\udc49\" width=\"16\" height=\"16\" \/><\/span>592 tr\u01b0\u1eddng chinh<\/div>\n<div dir=\"auto\">Hotline : 09666.555.23<\/div>\n","protected":false},"excerpt":{"rendered":"<p>B\u00c1N B\u00ccNH KH\u00cd HIDRO , B\u00c1N B\u00ccNH B\u01a0M B\u00d3NG HIDRO L\u00c0M NGH\u1ec0 Chuy\u00ean cung c\u1ea5p b\u00ecnh b\u01a1m b\u00f3ng bay, b\u00ecnh kh\u00ed b\u01a1m b\u00f3ng bay t\u1ea1i h\u00e0 n\u1ed9i 09666.555.23 Chuy\u00ean b\u00e1n b\u00ecnh b\u01a1m b\u00f3ng bay kh\u00ed t\u1ea1i h\u00e0 n\u1ed9i H\u01b0\u1edbng d\u1eabn l\u00e0m ngh\u1ec1, pha b\u1ed9t kh\u00ed b\u01a1m hidro b\u00e1n b\u00f3ng bay Nh\u1eadn cung c\u1ea5p c\u00e1c lo\u1ea1i [&#8230;]\n","protected":false},"featured_media":2895,"comment_status":"open","ping_status":"closed","template":"","meta":[],"acf":[],"_links":{"self":[{"href":"https:\/\/bongbaytrangtri.com\/index.php?rest_route=\/wp\/v2\/product\/2894"}],"collection":[{"href":"https:\/\/bongbaytrangtri.com\/index.php?rest_route=\/wp\/v2\/product"}],"about":[{"href":"https:\/\/bongbaytrangtri.com\/index.php?rest_route=\/wp\/v2\/types\/product"}],"replies":[{"embeddable":true,"href":"https:\/\/bongbaytrangtri.com\/index.php?rest_route=%2Fwp%2Fv2%2Fcomments&post=2894"}],"wp:featuredmedia":[{"embeddable":true,"href":"https:\/\/bongbaytrangtri.com\/index.php?rest_route=\/wp\/v2\/media\/2895"}],"wp:attachment":[{"href":"https:\/\/bongbaytrangtri.com\/index.php?rest_route=%2Fwp%2Fv2%2Fmedia&parent=2894"}],"curies":[{"name":"wp","href":"https:\/\/api.w.org\/{rel}","templated":true}]}}