{"id":2874,"date":"2024-05-28T06:05:44","date_gmt":"2024-05-28T06:05:44","guid":{"rendered":"https:\/\/bongbaytrangtri.com\/?post_type=product&#038;p=2874"},"modified":"2024-05-28T06:06:09","modified_gmt":"2024-05-28T06:06:09","slug":"2874","status":"publish","type":"product","link":"https:\/\/bongbaytrangtri.com\/?product=2874","title":{"rendered":"M\u00c1Y B\u01a0M BONG B\u00d3NG BAY M\u00c0U XANH SI\u00caU KH\u1eceE &#8211; B\u01a0M PHAO"},"content":{"rendered":"<div class=\"html-div xe8uvvx xdj266r x11i5rnm xat24cr x1mh8g0r xexx8yu x4uap5 x18d9i69 xkhd6sd\">\n<div class=\"html-div xe8uvvx xdj266r x11i5rnm xat24cr x1mh8g0r xexx8yu x4uap5 x18d9i69 xkhd6sd\" dir=\"auto\">\n<div id=\":re9:\" class=\"x1iorvi4 x1pi30zi x1l90r2v x1swvt13\" data-ad-comet-preview=\"message\" data-ad-preview=\"message\">\n<div class=\"x78zum5 xdt5ytf xz62fqu x16ldp7u\">\n<div class=\"xu06os2 x1ok221b\">\n<div class=\"xdj266r x11i5rnm xat24cr x1mh8g0r x1vvkbs x126k92a\">\n<div dir=\"auto\">M\u00c1Y B\u01a0M BONG B\u00d3NG BAY M\u00c0U XANH SI\u00caU KH\u1eceE &#8211; B\u01a0M PHAO<\/div>\n<div dir=\"auto\">M\u00e1y B\u01a1m Bong B\u00f3ng c\u00f4ng su\u1ea5t l\u1edbn c\u00f3 2 v\u00f2i to v\u00e0 2 v\u00f2i b\u00e9 c\u00f3 th\u1ec3 b\u01a1m \u0111\u01b0\u1ee3c nhi\u1ec1u lo\u1ea1i b\u00f3ng bay kh\u00e1c nhau, thao t\u00e1c b\u01a1m \u0111\u01a1n gi\u1ea3n, d\u1ec5 s\u1eed d\u1ee5ng.<\/div>\n<div dir=\"auto\"><img loading=\"lazy\" class=\"alignnone size-medium wp-image-2875\" src=\"https:\/\/bongbaytrangtri.com\/wp-content\/uploads\/2024\/05\/z4220160632706_31f06f8bbbf94352bd6619c8815abff9-400x400.jpg\" alt=\"\" width=\"400\" height=\"400\" srcset=\"https:\/\/bongbaytrangtri.com\/wp-content\/uploads\/2024\/05\/z4220160632706_31f06f8bbbf94352bd6619c8815abff9-400x400.jpg 400w, https:\/\/bongbaytrangtri.com\/wp-content\/uploads\/2024\/05\/z4220160632706_31f06f8bbbf94352bd6619c8815abff9-280x280.jpg 280w, https:\/\/bongbaytrangtri.com\/wp-content\/uploads\/2024\/05\/z4220160632706_31f06f8bbbf94352bd6619c8815abff9-768x768.jpg 768w, https:\/\/bongbaytrangtri.com\/wp-content\/uploads\/2024\/05\/z4220160632706_31f06f8bbbf94352bd6619c8815abff9-600x600.jpg 600w, https:\/\/bongbaytrangtri.com\/wp-content\/uploads\/2024\/05\/z4220160632706_31f06f8bbbf94352bd6619c8815abff9-100x100.jpg 100w, https:\/\/bongbaytrangtri.com\/wp-content\/uploads\/2024\/05\/z4220160632706_31f06f8bbbf94352bd6619c8815abff9.jpg 800w\" sizes=\"(max-width: 400px) 100vw, 400px\" \/><\/div>\n<div dir=\"auto\"><img loading=\"lazy\" class=\"alignnone size-medium wp-image-2876\" src=\"https:\/\/bongbaytrangtri.com\/wp-content\/uploads\/2024\/05\/z4220160645887_18edd84dc44ee7cdbb0ad7e1a1a3ad19-400x400.jpg\" alt=\"\" width=\"400\" height=\"400\" srcset=\"https:\/\/bongbaytrangtri.com\/wp-content\/uploads\/2024\/05\/z4220160645887_18edd84dc44ee7cdbb0ad7e1a1a3ad19-400x400.jpg 400w, https:\/\/bongbaytrangtri.com\/wp-content\/uploads\/2024\/05\/z4220160645887_18edd84dc44ee7cdbb0ad7e1a1a3ad19-280x280.jpg 280w, https:\/\/bongbaytrangtri.com\/wp-content\/uploads\/2024\/05\/z4220160645887_18edd84dc44ee7cdbb0ad7e1a1a3ad19-768x768.jpg 768w, https:\/\/bongbaytrangtri.com\/wp-content\/uploads\/2024\/05\/z4220160645887_18edd84dc44ee7cdbb0ad7e1a1a3ad19-600x600.jpg 600w, https:\/\/bongbaytrangtri.com\/wp-content\/uploads\/2024\/05\/z4220160645887_18edd84dc44ee7cdbb0ad7e1a1a3ad19-100x100.jpg 100w, https:\/\/bongbaytrangtri.com\/wp-content\/uploads\/2024\/05\/z4220160645887_18edd84dc44ee7cdbb0ad7e1a1a3ad19.jpg 800w\" sizes=\"(max-width: 400px) 100vw, 400px\" \/><\/div>\n<div dir=\"auto\"><img loading=\"lazy\" class=\"alignnone size-medium wp-image-2877\" src=\"https:\/\/bongbaytrangtri.com\/wp-content\/uploads\/2024\/05\/z4220160671521_4d27f1b2feb8a2e3a12c64bff6fd7cb5-400x400.jpg\" alt=\"\" width=\"400\" height=\"400\" srcset=\"https:\/\/bongbaytrangtri.com\/wp-content\/uploads\/2024\/05\/z4220160671521_4d27f1b2feb8a2e3a12c64bff6fd7cb5-400x400.jpg 400w, https:\/\/bongbaytrangtri.com\/wp-content\/uploads\/2024\/05\/z4220160671521_4d27f1b2feb8a2e3a12c64bff6fd7cb5-280x280.jpg 280w, https:\/\/bongbaytrangtri.com\/wp-content\/uploads\/2024\/05\/z4220160671521_4d27f1b2feb8a2e3a12c64bff6fd7cb5-600x600.jpg 600w, https:\/\/bongbaytrangtri.com\/wp-content\/uploads\/2024\/05\/z4220160671521_4d27f1b2feb8a2e3a12c64bff6fd7cb5-100x100.jpg 100w, https:\/\/bongbaytrangtri.com\/wp-content\/uploads\/2024\/05\/z4220160671521_4d27f1b2feb8a2e3a12c64bff6fd7cb5.jpg 678w\" sizes=\"(max-width: 400px) 100vw, 400px\" \/><\/div>\n<div dir=\"auto\"><img loading=\"lazy\" class=\"alignnone size-medium wp-image-2878\" src=\"https:\/\/bongbaytrangtri.com\/wp-content\/uploads\/2024\/05\/z4220160687061_e3a6985ffc6fef2ea152f22ffc7c8152-400x400.jpg\" alt=\"\" width=\"400\" height=\"400\" srcset=\"https:\/\/bongbaytrangtri.com\/wp-content\/uploads\/2024\/05\/z4220160687061_e3a6985ffc6fef2ea152f22ffc7c8152-400x400.jpg 400w, https:\/\/bongbaytrangtri.com\/wp-content\/uploads\/2024\/05\/z4220160687061_e3a6985ffc6fef2ea152f22ffc7c8152-280x280.jpg 280w, https:\/\/bongbaytrangtri.com\/wp-content\/uploads\/2024\/05\/z4220160687061_e3a6985ffc6fef2ea152f22ffc7c8152-100x100.jpg 100w, https:\/\/bongbaytrangtri.com\/wp-content\/uploads\/2024\/05\/z4220160687061_e3a6985ffc6fef2ea152f22ffc7c8152.jpg 601w\" sizes=\"(max-width: 400px) 100vw, 400px\" \/><\/div>\n<div dir=\"auto\"><img loading=\"lazy\" class=\"alignnone size-medium wp-image-2879\" src=\"https:\/\/bongbaytrangtri.com\/wp-content\/uploads\/2024\/05\/z4220160701008_a5e29c2ff7658bed2bced56b9bf0c623-400x400.jpg\" alt=\"\" width=\"400\" height=\"400\" srcset=\"https:\/\/bongbaytrangtri.com\/wp-content\/uploads\/2024\/05\/z4220160701008_a5e29c2ff7658bed2bced56b9bf0c623-400x400.jpg 400w, https:\/\/bongbaytrangtri.com\/wp-content\/uploads\/2024\/05\/z4220160701008_a5e29c2ff7658bed2bced56b9bf0c623-280x280.jpg 280w, https:\/\/bongbaytrangtri.com\/wp-content\/uploads\/2024\/05\/z4220160701008_a5e29c2ff7658bed2bced56b9bf0c623-768x768.jpg 768w, https:\/\/bongbaytrangtri.com\/wp-content\/uploads\/2024\/05\/z4220160701008_a5e29c2ff7658bed2bced56b9bf0c623-600x600.jpg 600w, https:\/\/bongbaytrangtri.com\/wp-content\/uploads\/2024\/05\/z4220160701008_a5e29c2ff7658bed2bced56b9bf0c623-100x100.jpg 100w, https:\/\/bongbaytrangtri.com\/wp-content\/uploads\/2024\/05\/z4220160701008_a5e29c2ff7658bed2bced56b9bf0c623.jpg 800w\" sizes=\"(max-width: 400px) 100vw, 400px\" \/><\/div>\n<div dir=\"auto\"><img loading=\"lazy\" class=\"alignnone size-medium wp-image-2880\" src=\"https:\/\/bongbaytrangtri.com\/wp-content\/uploads\/2024\/05\/z4220160730150_3520961fe62dc024d0ae6eb03530fd5d-400x400.jpg\" alt=\"\" width=\"400\" height=\"400\" srcset=\"https:\/\/bongbaytrangtri.com\/wp-content\/uploads\/2024\/05\/z4220160730150_3520961fe62dc024d0ae6eb03530fd5d-400x400.jpg 400w, https:\/\/bongbaytrangtri.com\/wp-content\/uploads\/2024\/05\/z4220160730150_3520961fe62dc024d0ae6eb03530fd5d-280x280.jpg 280w, https:\/\/bongbaytrangtri.com\/wp-content\/uploads\/2024\/05\/z4220160730150_3520961fe62dc024d0ae6eb03530fd5d-768x768.jpg 768w, https:\/\/bongbaytrangtri.com\/wp-content\/uploads\/2024\/05\/z4220160730150_3520961fe62dc024d0ae6eb03530fd5d-600x600.jpg 600w, https:\/\/bongbaytrangtri.com\/wp-content\/uploads\/2024\/05\/z4220160730150_3520961fe62dc024d0ae6eb03530fd5d-100x100.jpg 100w, https:\/\/bongbaytrangtri.com\/wp-content\/uploads\/2024\/05\/z4220160730150_3520961fe62dc024d0ae6eb03530fd5d.jpg 800w\" sizes=\"(max-width: 400px) 100vw, 400px\" \/><\/div>\n<div dir=\"auto\">H\u01af\u1edaNG D\u1eaaN S\u1eec D\u1ee4NG:<\/div>\n<div dir=\"auto\">C\u1eafm d\u00e2y c\u1eafm v\u00e0o \u1ed5 \u0111i\u1ec7n<\/div>\n<div dir=\"auto\">\u0110\u1ec3 cu\u1ed1ng qu\u1ea3 b\u00f3ng v\u00e0o v\u00f2i b\u01a1m, nh\u1ea5n \u0111\u1ec3 b\u01a1m v\u00e0 nh\u1ea3 ra khi mu\u1ed1n d\u1eebng l\u1ea1i<\/div>\n<div dir=\"auto\">\u0110\u1ec3 b\u01a1m li\u00ean t\u1ee5c, c\u00e1c b\u1ea1n b\u1eadt c\u00f4ng t\u1eafc ON v\u00e0 \u0111\u1ec3 d\u1eebng l\u1ea1i, c\u00e1c b\u1ea1n b\u1eadt c\u00f4ng t\u1eafc OFF.<\/div>\n<div dir=\"auto\">Th\u00f4ng s\u1ed1 k\u1ef9 thu\u1eadt:<\/div>\n<div dir=\"auto\">C\u00f4ng su\u1ea5t: 600w<\/div>\n<div dir=\"auto\">M\u00e0u s\u1eafc: Xanh<\/div>\n<div dir=\"auto\">V\u00f2i B\u01a1m Hai v\u00f2i<\/div>\n<div dir=\"auto\">Hai v\u00f2i ph\u1ee5 ph\u1ee5 ki\u1ec7n \u0111\u1ec3 g\u1eafn v\u00e0o v\u00f2i l\u1edbn \u0111\u1ec3 b\u01a1m b\u00f3ng c\u1ee1 nh\u1ecf<\/div>\n<div dir=\"auto\">C\u00f4ng t\u1eafc: On\/Off.<\/div>\n<div dir=\"auto\">T\u00ecnh tr\u1ea1ng: 100% m\u1edbi.<\/div>\n<div dir=\"auto\">K\u00edch c\u1ee1 v\u00f2i nh\u1ecf 0.75cm<\/div>\n<div dir=\"auto\">Quan tr\u1ecdng:<\/div>\n<div dir=\"auto\">Ngu\u1ed3n \u0111i\u1ec7n s\u1eed d\u1ee5ng: l\u00e0 d\u00f2ng \u0111i\u1ec7n xoay chi\u1ec1u 220V \u2013 240V<\/div>\n<div dir=\"auto\">Kh\u00f4ng n\u00ean s\u1eed d\u1ee5ng li\u00ean t\u1ee5c m\u00e1y b\u01a1m qu\u00e1 2 ti\u1ebfng ( l\u00e0m m\u00e1y b\u01a1m qu\u00e1 n\u00f3ng v\u00e0 d\u1ec5 g\u00e2y h\u01b0 h\u1ecfng m\u00e1y b\u01a1m)<\/div>\n<div dir=\"auto\">Tr\u00e1nh xa t\u1ea7m tay tr\u1ebb em<\/div>\n<div dir=\"auto\">N\u00ean \u0111\u1ec3 m\u00e1y \u1edf n\u01a1i th\u00f4ng tho\u00e1ng, kh\u00f4ng b\u00edt k\u00edn c\u00e1c c\u1ed5ng th\u00f4ng gi\u00f3 v\u00e0 v\u00f2i b\u01a1m.<\/div>\n<div dir=\"auto\">.<\/div>\n<div dir=\"auto\"><span class=\"html-span xexx8yu x4uap5 x18d9i69 xkhd6sd x1hl2dhg x16tdsg8 x1vvkbs x3nfvp2 x1j61x8r x1fcty0u xdj266r xhhsvwb xat24cr xgzva0m xxymvpz xlup9mm x1kky2od\"><img loading=\"lazy\" class=\"xz74otr\" src=\"https:\/\/static.xx.fbcdn.net\/images\/emoji.php\/v9\/tb1\/1\/16\/2747.png\" alt=\"\u2747\ufe0f\" width=\"16\" height=\"16\" \/><\/span>\u0110c : S\u1ed1 10 ng\u00f5 54 Hoa B\u1eb1ng -H\u00e0 N\u1ed9i<\/div>\n<div dir=\"auto\"><span class=\"html-span xexx8yu x4uap5 x18d9i69 xkhd6sd x1hl2dhg x16tdsg8 x1vvkbs x3nfvp2 x1j61x8r x1fcty0u xdj266r xhhsvwb xat24cr xgzva0m xxymvpz xlup9mm x1kky2od\"><img loading=\"lazy\" class=\"xz74otr\" src=\"https:\/\/static.xx.fbcdn.net\/images\/emoji.php\/v9\/tb1\/1\/16\/2747.png\" alt=\"\u2747\ufe0f\" width=\"16\" height=\"16\" \/><\/span>Hotline :0966655523..<\/div>\n<div dir=\"auto\"><span class=\"html-span xdj266r x11i5rnm xat24cr x1mh8g0r xexx8yu x4uap5 x18d9i69 xkhd6sd x1hl2dhg x16tdsg8 x1vvkbs\">#banhkemgiatrungbay<\/span> <span class=\"html-span xdj266r x11i5rnm xat24cr x1mh8g0r xexx8yu x4uap5 x18d9i69 xkhd6sd x1hl2dhg x16tdsg8 x1vvkbs\">#banhgaitogia<\/span> <span class=\"html-span xdj266r x11i5rnm xat24cr x1mh8g0r xexx8yu x4uap5 x18d9i69 xkhd6sd x1hl2dhg x16tdsg8 x1vvkbs\">#banhsinhnhattrungbay<\/span> <span class=\"html-span xdj266r x11i5rnm xat24cr x1mh8g0r xexx8yu x4uap5 x18d9i69 xkhd6sd x1hl2dhg x16tdsg8 x1vvkbs\">#chothuemaytaokhoi<\/span> <span class=\"html-span xdj266r x11i5rnm xat24cr x1mh8g0r xexx8yu x4uap5 x18d9i69 xkhd6sd x1hl2dhg x16tdsg8 x1vvkbs\">#mayphunluasankhau<\/span> <span class=\"html-span xdj266r x11i5rnm xat24cr x1mh8g0r xexx8yu x4uap5 x18d9i69 xkhd6sd x1hl2dhg x16tdsg8 x1vvkbs\">#mayphunlua<\/span> <span class=\"html-span xdj266r x11i5rnm xat24cr x1mh8g0r xexx8yu x4uap5 x18d9i69 xkhd6sd x1hl2dhg x16tdsg8 x1vvkbs\">#denphasankhau2000w<\/span> <span class=\"html-span xdj266r x11i5rnm xat24cr x1mh8g0r xexx8yu x4uap5 x18d9i69 xkhd6sd x1hl2dhg x16tdsg8 x1vvkbs\">#denphasankhau3000w<\/span> <span class=\"html-span xdj266r x11i5rnm xat24cr x1mh8g0r xexx8yu x4uap5 x18d9i69 xkhd6sd x1hl2dhg x16tdsg8 x1vvkbs\">#denphasankhau5000w<\/span> <span class=\"html-span xdj266r x11i5rnm xat24cr x1mh8g0r xexx8yu x4uap5 x18d9i69 xkhd6sd x1hl2dhg x16tdsg8 x1vvkbs\">#maybombongbong<\/span> <span class=\"html-span xdj266r x11i5rnm xat24cr x1mh8g0r xexx8yu x4uap5 x18d9i69 xkhd6sd x1hl2dhg x16tdsg8 x1vvkbs\">#maybomhoi<\/span> <span class=\"html-span xdj266r x11i5rnm xat24cr x1mh8g0r xexx8yu x4uap5 x18d9i69 xkhd6sd x1hl2dhg x16tdsg8 x1vvkbs\">#maybombongbongnghethuat<\/span> <span class=\"html-span xdj266r x11i5rnm xat24cr x1mh8g0r xexx8yu x4uap5 x18d9i69 xkhd6sd x1hl2dhg x16tdsg8 x1vvkbs\">#chothuemaybombongbong<\/span> <span class=\"html-span xdj266r x11i5rnm xat24cr x1mh8g0r xexx8yu x4uap5 x18d9i69 xkhd6sd x1hl2dhg x16tdsg8 x1vvkbs\">#mayphunkhico2<\/span> <span class=\"html-span xdj266r x11i5rnm xat24cr x1mh8g0r xexx8yu x4uap5 x18d9i69 xkhd6sd x1hl2dhg x16tdsg8 x1vvkbs\">#mayphunkhico2vakimtuyen<\/span> <span class=\"html-span xdj266r x11i5rnm xat24cr x1mh8g0r xexx8yu x4uap5 x18d9i69 xkhd6sd x1hl2dhg x16tdsg8 x1vvkbs\">#thietbiphunkhico2<\/span> <span class=\"html-span xdj266r x11i5rnm xat24cr x1mh8g0r xexx8yu x4uap5 x18d9i69 xkhd6sd x1hl2dhg x16tdsg8 x1vvkbs\">#maytaokhoisankhau<\/span> <span class=\"html-span xdj266r x11i5rnm xat24cr x1mh8g0r xexx8yu x4uap5 x18d9i69 xkhd6sd x1hl2dhg x16tdsg8 x1vvkbs\">#dungdichtaokhoigiare<\/span> <span class=\"html-span xdj266r x11i5rnm xat24cr x1mh8g0r xexx8yu x4uap5 x18d9i69 xkhd6sd x1hl2dhg x16tdsg8 x1vvkbs\">#mayxitkhoisankhau<\/span> <span class=\"html-span xdj266r x11i5rnm xat24cr x1mh8g0r xexx8yu x4uap5 x18d9i69 xkhd6sd x1hl2dhg x16tdsg8 x1vvkbs\">#mayphunkhoiam<\/span> <span class=\"html-span xdj266r x11i5rnm xat24cr x1mh8g0r xexx8yu x4uap5 x18d9i69 xkhd6sd x1hl2dhg x16tdsg8 x1vvkbs\">#mayphunkhoigiare<\/span> <span class=\"html-span xdj266r x11i5rnm xat24cr x1mh8g0r xexx8yu x4uap5 x18d9i69 xkhd6sd x1hl2dhg x16tdsg8 x1vvkbs\">#mebechimshop<\/span>#thuemayphunkimtuyen <span class=\"html-span xdj266r x11i5rnm xat24cr x1mh8g0r xexx8yu x4uap5 x18d9i69 xkhd6sd x1hl2dhg x16tdsg8 x1vvkbs\">#maybankimtuyen2nong<\/span> <span class=\"html-span xdj266r x11i5rnm xat24cr x1mh8g0r xexx8yu x4uap5 x18d9i69 xkhd6sd x1hl2dhg x16tdsg8 x1vvkbs\">#bankimtuyensankhau<\/span> <span class=\"html-span xdj266r x11i5rnm xat24cr x1mh8g0r xexx8yu x4uap5 x18d9i69 xkhd6sd x1hl2dhg x16tdsg8 x1vvkbs\">#mayphunluasukien<\/span> mayphunluacongsuatlon <span class=\"html-span xdj266r x11i5rnm xat24cr x1mh8g0r xexx8yu x4uap5 x18d9i69 xkhd6sd x1hl2dhg x16tdsg8 x1vvkbs\">#maytaobotfoamgiare<\/span> <span class=\"html-span xdj266r x11i5rnm xat24cr x1mh8g0r xexx8yu x4uap5 x18d9i69 xkhd6sd x1hl2dhg x16tdsg8 x1vvkbs\">#maytaobottotnhat<\/span><\/div>\n<\/div>\n<\/div>\n<\/div>\n<\/div>\n<\/div>\n<div id=\":rea:\" class=\"html-div xe8uvvx xdj266r x11i5rnm xat24cr x1mh8g0r xexx8yu x4uap5 x18d9i69 xkhd6sd x1n2onr6\">\n<div class=\"html-div xe8uvvx xdj266r x11i5rnm xat24cr x1mh8g0r xexx8yu x4uap5 x18d9i69 xkhd6sd x1n2onr6\">\n<div class=\"html-div xe8uvvx xdj266r x11i5rnm xat24cr x1mh8g0r xexx8yu x4uap5 x18d9i69 xkhd6sd\">\n<div class=\"x1n2onr6\">\n<div class=\"x1n2onr6\">\n<div class=\"x6ikm8r x10wlt62 x10l6tqk\">\n<div class=\"html-div xe8uvvx xdj266r x11i5rnm xat24cr x1mh8g0r xexx8yu x4uap5 x18d9i69 xkhd6sd x6ikm8r x10wlt62\">\n<div class=\"xqtp20y x6ikm8r x10wlt62 x1n2onr6\">\n<div class=\"x10l6tqk x13vifvy\"><\/div>\n<\/div>\n<div class=\"html-div xe8uvvx xdj266r x11i5rnm xat24cr x1mh8g0r xexx8yu x4uap5 x18d9i69 xkhd6sd x1nb4dca x1q0q8m5 xso031l x1exxf4d x13fuv20 x178xt8z x1ey2m1c x9f619 xds687c x47corl x10l6tqk x17qophe x13vifvy\"><\/div>\n<\/div>\n<div class=\"x1ey2m1c xds687c x17qophe xg01cxk x47corl x10l6tqk x13vifvy x1ebt8du x19991ni x1dhq9h x1o1ewxj x3x9cwd x1e5q0jg x13rtm0m\" role=\"none\" data-visualcompletion=\"ignore\"><\/div>\n<\/div>\n<div class=\"x6ikm8r x10wlt62 x10l6tqk\">\n<div class=\"html-div xe8uvvx xdj266r x11i5rnm xat24cr x1mh8g0r xexx8yu x4uap5 x18d9i69 xkhd6sd x6ikm8r x10wlt62\">\n<div class=\"xqtp20y x6ikm8r x10wlt62 x1n2onr6\">\n<div class=\"x10l6tqk x13vifvy\"><\/div>\n<\/div>\n<div class=\"html-div xe8uvvx xdj266r x11i5rnm xat24cr x1mh8g0r xexx8yu x4uap5 x18d9i69 xkhd6sd x1nb4dca x1q0q8m5 xso031l x1exxf4d x13fuv20 x178xt8z x1ey2m1c x9f619 xds687c x47corl x10l6tqk x17qophe x13vifvy\"><\/div>\n<\/div>\n<div class=\"x1ey2m1c xds687c x17qophe xg01cxk x47corl x10l6tqk x13vifvy x1ebt8du x19991ni x1dhq9h x1o1ewxj x3x9cwd x1e5q0jg x13rtm0m\" role=\"none\" data-visualcompletion=\"ignore\"><\/div>\n<\/div>\n<div class=\"x6ikm8r x10wlt62 x10l6tqk\">\n<div class=\"html-div xe8uvvx xdj266r x11i5rnm xat24cr x1mh8g0r xexx8yu x4uap5 x18d9i69 xkhd6sd x6ikm8r x10wlt62\">\n<div class=\"xqtp20y x6ikm8r x10wlt62 x1n2onr6\">\n<div class=\"x10l6tqk x13vifvy\"><\/div>\n<\/div>\n<div class=\"html-div xe8uvvx xdj266r x11i5rnm xat24cr x1mh8g0r xexx8yu x4uap5 x18d9i69 xkhd6sd x1nb4dca x1q0q8m5 xso031l x1exxf4d x13fuv20 x178xt8z x1ey2m1c x9f619 xds687c x47corl x10l6tqk x17qophe x13vifvy\"><\/div>\n<\/div>\n<div class=\"x1ey2m1c xds687c x17qophe xg01cxk x47corl x10l6tqk x13vifvy x1ebt8du x19991ni x1dhq9h x1o1ewxj x3x9cwd x1e5q0jg x13rtm0m\" role=\"none\" data-visualcompletion=\"ignore\"><\/div>\n<\/div>\n<div class=\"x6ikm8r x10wlt62 x10l6tqk\">\n<div class=\"html-div xe8uvvx xdj266r x11i5rnm xat24cr x1mh8g0r xexx8yu x4uap5 x18d9i69 xkhd6sd x6ikm8r x10wlt62\">\n<div class=\"xqtp20y x6ikm8r x10wlt62 x1n2onr6\">\n<div class=\"x10l6tqk x13vifvy\"><\/div>\n<\/div>\n<div class=\"html-div xe8uvvx xdj266r x11i5rnm xat24cr x1mh8g0r xexx8yu x4uap5 x18d9i69 xkhd6sd x1nb4dca x1q0q8m5 xso031l x1exxf4d x13fuv20 x178xt8z x1ey2m1c x9f619 xds687c x47corl x10l6tqk x17qophe x13vifvy\"><\/div>\n<\/div>\n<div class=\"x1ey2m1c xds687c x17qophe xg01cxk x47corl x10l6tqk x13vifvy x1ebt8du x19991ni x1dhq9h x1o1ewxj x3x9cwd x1e5q0jg x13rtm0m\" role=\"none\" data-visualcompletion=\"ignore\"><\/div>\n<\/div>\n<div class=\"x6ikm8r x10wlt62 x10l6tqk\">\n<div class=\"html-div xe8uvvx xdj266r x11i5rnm xat24cr x1mh8g0r xexx8yu x4uap5 x18d9i69 xkhd6sd x6ikm8r x10wlt62\">\n<div class=\"xqtp20y x6ikm8r x10wlt62 x1n2onr6\"><\/div>\n<\/div>\n<\/div>\n<\/div>\n<\/div>\n<\/div>\n<\/div>\n<\/div>\n<\/div>\n<div>\n<div class=\"x168nmei x13lgxp2 x30kzoy x9jhf4c x6ikm8r x10wlt62\" data-visualcompletion=\"ignore-dynamic\">\n<div>\n<div>\n<div>\n<div class=\"x1n2onr6\">\n<div class=\"x6s0dn4 xi81zsa x78zum5 x6prxxf x13a6bvl xvq8zen xdj266r xat24cr x1d52u69 xktsk01 x889kno x1a8lsjc xkhd6sd x4uap5 xdppsyt\">\n<div class=\"x6s0dn4 x78zum5 x1iyjqo2 x6ikm8r x10wlt62\">\n<div class=\"\">\n<div class=\"x1i10hfl xjbqb8w x1ejq31n xd10rxx x1sy0etr x17r0tee x972fbf xcfux6l x1qhh985 xm0m39n x9f619 x1ypdohk xe8uvvx xdj266r x11i5rnm xat24cr x1mh8g0r xexx8yu x4uap5 x18d9i69 xkhd6sd x16tdsg8 x1hl2dhg xggy1nq x1o1ewxj x3x9cwd x1e5q0jg x13rtm0m x1n2onr6 x87ps6o x1lku1pv x1a2a7pz x1heor9g xnl1qt8 x6ikm8r x10wlt62 x1vjfegm x1lliihq\" role=\"button\"><\/div>\n<\/div>\n<\/div>\n<div class=\"x9f619 x1n2onr6 x1ja2u2z x78zum5 x2lah0s x1qughib x1qjc9v5 xozqiw3 x1q0g3np xykv574 xbmpl8g x4cne27 xifccgj\"><\/div>\n<\/div>\n<\/div>\n<\/div>\n<\/div>\n<\/div>\n<\/div>\n<\/div>\n","protected":false},"excerpt":{"rendered":"<p>M\u00c1Y B\u01a0M BONG B\u00d3NG BAY M\u00c0U XANH SI\u00caU KH\u1eceE &#8211; B\u01a0M PHAO M\u00e1y B\u01a1m Bong B\u00f3ng c\u00f4ng su\u1ea5t l\u1edbn c\u00f3 2 v\u00f2i to v\u00e0 2 v\u00f2i b\u00e9 c\u00f3 th\u1ec3 b\u01a1m \u0111\u01b0\u1ee3c nhi\u1ec1u lo\u1ea1i b\u00f3ng bay kh\u00e1c nhau, thao t\u00e1c b\u01a1m \u0111\u01a1n gi\u1ea3n, d\u1ec5 s\u1eed d\u1ee5ng. H\u01af\u1edaNG D\u1eaaN S\u1eec D\u1ee4NG: C\u1eafm d\u00e2y c\u1eafm v\u00e0o \u1ed5 \u0111i\u1ec7n [&#8230;]\n","protected":false},"featured_media":2875,"comment_status":"open","ping_status":"closed","template":"","meta":[],"acf":[],"_links":{"self":[{"href":"https:\/\/bongbaytrangtri.com\/index.php?rest_route=\/wp\/v2\/product\/2874"}],"collection":[{"href":"https:\/\/bongbaytrangtri.com\/index.php?rest_route=\/wp\/v2\/product"}],"about":[{"href":"https:\/\/bongbaytrangtri.com\/index.php?rest_route=\/wp\/v2\/types\/product"}],"replies":[{"embeddable":true,"href":"https:\/\/bongbaytrangtri.com\/index.php?rest_route=%2Fwp%2Fv2%2Fcomments&post=2874"}],"wp:featuredmedia":[{"embeddable":true,"href":"https:\/\/bongbaytrangtri.com\/index.php?rest_route=\/wp\/v2\/media\/2875"}],"wp:attachment":[{"href":"https:\/\/bongbaytrangtri.com\/index.php?rest_route=%2Fwp%2Fv2%2Fmedia&parent=2874"}],"curies":[{"name":"wp","href":"https:\/\/api.w.org\/{rel}","templated":true}]}}