{"id":2766,"date":"2024-05-28T04:39:57","date_gmt":"2024-05-28T04:39:57","guid":{"rendered":"https:\/\/bongbaytrangtri.com\/?post_type=product&#038;p=2766"},"modified":"2024-05-28T04:39:57","modified_gmt":"2024-05-28T04:39:57","slug":"thanh-dap-co-vu-bong-da","status":"publish","type":"product","link":"https:\/\/bongbaytrangtri.com\/?product=thanh-dap-co-vu-bong-da","title":{"rendered":"Thanh \u0110\u1eadp C\u1ed5 V\u0169 B\u00f3ng \u0110\u00e1"},"content":{"rendered":"[KHO S\u1ec8 SI\u00caU R\u1eba] Thanh \u0110\u1eadp C\u1ed5 V\u0169 Nhi\u1ec1u M\u00e0u (1 c\u1eb7p)<br \/>\nB\u1ecf S\u1ec9 Thanh \u0110\u1eadp C\u1ed5 V\u0169 Nhi\u1ec1u M\u00e0u (1 c\u1eb7p) &#8211; SHOP \u0110\u1ed4 S\u1ec8 SHARK DECOR<\/p>\n<p><img loading=\"lazy\" class=\"alignnone size-medium wp-image-2767\" src=\"https:\/\/bongbaytrangtri.com\/wp-content\/uploads\/2024\/05\/z4879659632040_6c08977be677f101f49ec9ecd3602d23-400x400.jpg\" alt=\"\" width=\"400\" height=\"400\" srcset=\"https:\/\/bongbaytrangtri.com\/wp-content\/uploads\/2024\/05\/z4879659632040_6c08977be677f101f49ec9ecd3602d23-400x400.jpg 400w, https:\/\/bongbaytrangtri.com\/wp-content\/uploads\/2024\/05\/z4879659632040_6c08977be677f101f49ec9ecd3602d23-280x280.jpg 280w, https:\/\/bongbaytrangtri.com\/wp-content\/uploads\/2024\/05\/z4879659632040_6c08977be677f101f49ec9ecd3602d23-600x600.jpg 600w, https:\/\/bongbaytrangtri.com\/wp-content\/uploads\/2024\/05\/z4879659632040_6c08977be677f101f49ec9ecd3602d23-100x100.jpg 100w, https:\/\/bongbaytrangtri.com\/wp-content\/uploads\/2024\/05\/z4879659632040_6c08977be677f101f49ec9ecd3602d23.jpg 720w\" sizes=\"(max-width: 400px) 100vw, 400px\" \/><\/p>\n<p><img loading=\"lazy\" class=\"alignnone size-medium wp-image-2768\" src=\"https:\/\/bongbaytrangtri.com\/wp-content\/uploads\/2024\/05\/z4879659901265_809b4950ccbbd24f74ffb38577b1592f-400x400.jpg\" alt=\"\" width=\"400\" height=\"400\" srcset=\"https:\/\/bongbaytrangtri.com\/wp-content\/uploads\/2024\/05\/z4879659901265_809b4950ccbbd24f74ffb38577b1592f-400x400.jpg 400w, https:\/\/bongbaytrangtri.com\/wp-content\/uploads\/2024\/05\/z4879659901265_809b4950ccbbd24f74ffb38577b1592f-280x280.jpg 280w, https:\/\/bongbaytrangtri.com\/wp-content\/uploads\/2024\/05\/z4879659901265_809b4950ccbbd24f74ffb38577b1592f-768x768.jpg 768w, https:\/\/bongbaytrangtri.com\/wp-content\/uploads\/2024\/05\/z4879659901265_809b4950ccbbd24f74ffb38577b1592f-600x600.jpg 600w, https:\/\/bongbaytrangtri.com\/wp-content\/uploads\/2024\/05\/z4879659901265_809b4950ccbbd24f74ffb38577b1592f-100x100.jpg 100w, https:\/\/bongbaytrangtri.com\/wp-content\/uploads\/2024\/05\/z4879659901265_809b4950ccbbd24f74ffb38577b1592f.jpg 800w\" sizes=\"(max-width: 400px) 100vw, 400px\" \/><br \/>\nGi\u1edbi thi\u1ec7u c\u00e2y \u0111\u1eadp c\u1ed5 v\u0169<br \/>\nC\u00e2y \u0111\u1eadp c\u1ed5 v\u0169 l\u00e0 m\u1ed9t trong nh\u1eefng d\u1ee5ng c\u1ee5 c\u1ed5 v\u0169 ph\u1ed5 bi\u1ebfn nh\u1ea5t hi\u1ec7n nay b\u1edfi l\u1ebd \u0111\u00e2y l\u00e0 v\u1eadt d\u1ee5ng c\u00f3 kh\u1ea3 n\u0103ng t\u1ea1o hi\u1ec7u \u1ee9ng cao \u0111\u1ed3ng th\u1eddi c\u00f3 gi\u00e1 th\u00e0nh kh\u00e1 r\u1ebb, l\u00e0 l\u1ef1a ch\u1ecdn h\u00e0ng \u0111\u1ea7u c\u1ee7a nh\u1eefng ng\u01b0\u1eddi \u0111i c\u1ed5 v\u0169, h\u00ecnh \u1ea3nh c\u00e2y \u0111\u1eadp c\u1ed5 v\u0169 xu\u1ea5t hi\u1ec7n nhi\u1ec1u nh\u1ea5t c\u00f3 l\u1ebd l\u00e0 \u1edf Nh\u1eefng tr\u1eadn \u0111\u00e1 b\u00f3ng, b\u1edfi ch\u01b0\u01a1ng tr\u00ecnh th\u01b0\u1eddng di\u1ec5n ra ngo\u00e0i tr\u1eddi v\u00e0 ban ng\u00e0y hi\u1ec7u \u1ee9ng c\u1ee7a c\u00e2y \u0111\u1eadp t\u1ea1o n\u00ean c\u1ef1c k\u1ef3 m\u1ea1nh m\u1ebd,<br \/>\nK\u00cdCH TH\u01af\u1edaC: 10X60CM<br \/>\nCH\u1ea4T LI\u1ec6U PE<br \/>\nV\u1edbi b\u1ea5t k\u00ec tr\u1eadn thi \u0111\u1ea5u th\u1ec3 thao hay c\u00e1c ch\u01b0\u01a1ng tr\u00ecnh ca nh\u1ea1c, gameshow, qu\u1ea3ng c\u00e1o\u2026. r\u1ea5t c\u1ea7n thi\u1ebft c\u00f3 \u0111\u00f4ng \u0111\u1ea3o \u0111\u1ed9i c\u1ed5 v\u0169 \u0111i\u00eau luy\u1ec7n. V\u00ec v\u1eady, thanh \u0111\u1eadp c\u1ed5 v\u0169 ch\u00ednh l\u00e0 y\u1ebfu t\u1ed1 quan tr\u1ecdng quy\u1ebft \u0111\u1ecbnh s\u1ef1 th\u00e0nh c\u00f4ng, gi\u00fap c\u00e1c b\u1ea1n c\u1ed5 \u0111\u1ed9ng \u0111em b\u1ea7u kh\u00f4ng kh\u00ed \u0111\u1ea7y nhi\u1ec7t huy\u1ebft cho tr\u1eadn thi \u0111\u1ea5u.<br \/>\nhanh \u0111\u1eadp c\u1ed5 v\u0169 c\u00f3 nhi\u1ec1u m\u00e0u s\u1eafc r\u1ef1c r\u1ee1, c\u00f3 kh\u1ea3 n\u0103ng t\u1ea1o ra \u00e2m thanh s\u00f4i \u0111\u1ed9ng t\u0103ng th\u00eam kh\u00ed th\u1ebf cho tr\u1eadn \u0111\u1ea5u. H\u01a1n n\u1eefa, \u0111\u00e2y l\u00e0 d\u1ee5ng c\u1ee5 c\u1ed5 v\u0169 d\u1ea1ng b\u00f3ng nh\u1ef1a PE d\u1ebbo kh\u00f4ng h\u1ec1 g\u00e2y t\u1ed5n th\u01b0\u01a1ng khi va ch\u1ea1m, \u0111\u1ea3m b\u1ea3o an to\u00e0n khi s\u1eed d\u1ee5ng.<\/p>\n<p>Th\u00f4ng tin s\u1ea3n ph\u1ea9m :<\/p>\n<p>T\u00ean s\u1ea3n ph\u1ea9m: Thanh \u0111\u1eadp c\u1ed5 v\u0169<br \/>\nK\u00edch th\u01b0\u1edbc: Theo y\u00eau c\u1ea7u c\u1ee7a kh\u00e1ch h\u00e0ng<br \/>\nCh\u1ea5t li\u1ec7u: nh\u1ef1a PE d\u1ebbo<br \/>\nM\u00e0u s\u1eafc: \u0111\u1ecf, h\u1ed3ng, v\u00e0ng, cam, xanh l\u00e1, xanh d\u01b0\u01a1ng\u2026<br \/>\n\u260e\ufe0fHotline: 09666.555.23<br \/>\n\ud83c\udfeaS\u1ed1 10 ng\u00f5 54 Hoa B\u1eb1ng, C\u1ea7u Gi\u1ea5y, H\u00e0 N\u1ed9i<br \/>\n&#8211; Open : 8AM<br \/>\n&#8211; Close : 9PM<br \/>\n\ud83d\ude9bShip COD to\u00e0n qu\u1ed1c<br \/>\nXem th\u00eam c\u00e1c s\u1ea3n ph\u1ea9m kh\u00e1c c\u1ee7a Shark Decor nhi\u1ec1u h\u01a1n t\u1ea1i:<br \/>\nhttp:\/\/www.bongbaysinhnhat.com<br \/>\n#thanh_\u0111\u1eadp_c\u1ed5_v\u0169_b\u00f3ng_\u0111\u00e1 #thanhdapcovu #dungcucovu #bongdapcovu #thanhdapgiare #thanhdapdep #bongdap #dungcuthethao #thanhdaphanoi<br \/>\n#thanh_\u0111\u1eadp_c\u1ed5_v\u0169_\u0111\u00e0_n\u1eb5ng<br \/>\n#thanh_\u0111\u1eadp_c\u1ed5_v\u0169_tphcm<br \/>\n#mua_thanh_\u0111\u1eadp_c\u1ed5_v\u0169_\u1edf_h\u00e0_n\u1ed9i<br \/>\n#thanhdapcovu #banthanhdapcovu #thanhdapcovugiare #diachibanthanhdapcovu #muathanhdapcovu #bongdapcovu<br \/>\n#gaydapcovu #thanhdapcovubongda #thanhdapcovuhanoi #thanhdapcovuohanoi #banbongdapcovu #bangaydapcovu<br \/>\n#thanhdapcodong #bongdapcodong #muathanhdapcovuohanoi #diachibanthanhdapcovuohanoi #banthanhdapcovugiare #thanhdapcovutaihanoi<\/p>\n","protected":false},"excerpt":{"rendered":"[KHO S\u1ec8 SI\u00caU R\u1eba] Thanh \u0110\u1eadp C\u1ed5 V\u0169 Nhi\u1ec1u M\u00e0u (1 c\u1eb7p) B\u1ecf S\u1ec9 Thanh \u0110\u1eadp C\u1ed5 V\u0169 Nhi\u1ec1u M\u00e0u (1 c\u1eb7p) &#8211; SHOP \u0110\u1ed4 S\u1ec8 SHARK DECOR Gi\u1edbi thi\u1ec7u c\u00e2y \u0111\u1eadp c\u1ed5 v\u0169 C\u00e2y \u0111\u1eadp c\u1ed5 v\u0169 l\u00e0 m\u1ed9t trong nh\u1eefng d\u1ee5ng c\u1ee5 c\u1ed5 v\u0169 ph\u1ed5 bi\u1ebfn nh\u1ea5t hi\u1ec7n nay b\u1edfi l\u1ebd \u0111\u00e2y l\u00e0 [&#8230;]\n","protected":false},"featured_media":2768,"comment_status":"open","ping_status":"closed","template":"","meta":[],"acf":[],"_links":{"self":[{"href":"https:\/\/bongbaytrangtri.com\/index.php?rest_route=\/wp\/v2\/product\/2766"}],"collection":[{"href":"https:\/\/bongbaytrangtri.com\/index.php?rest_route=\/wp\/v2\/product"}],"about":[{"href":"https:\/\/bongbaytrangtri.com\/index.php?rest_route=\/wp\/v2\/types\/product"}],"replies":[{"embeddable":true,"href":"https:\/\/bongbaytrangtri.com\/index.php?rest_route=%2Fwp%2Fv2%2Fcomments&post=2766"}],"wp:featuredmedia":[{"embeddable":true,"href":"https:\/\/bongbaytrangtri.com\/index.php?rest_route=\/wp\/v2\/media\/2768"}],"wp:attachment":[{"href":"https:\/\/bongbaytrangtri.com\/index.php?rest_route=%2Fwp%2Fv2%2Fmedia&parent=2766"}],"curies":[{"name":"wp","href":"https:\/\/api.w.org\/{rel}","templated":true}]}}