{"id":2738,"date":"2024-05-28T04:25:53","date_gmt":"2024-05-28T04:25:53","guid":{"rendered":"https:\/\/bongbaytrangtri.com\/?post_type=product&#038;p=2738"},"modified":"2024-05-28T04:25:53","modified_gmt":"2024-05-28T04:25:53","slug":"que-cam-bong-thu","status":"publish","type":"product","link":"https:\/\/bongbaytrangtri.com\/?product=que-cam-bong-thu","title":{"rendered":"Que C\u1eafm B\u00f3ng Th\u00fa"},"content":{"rendered":"<p>Que nh\u1ef1a g\u00e0i b\u00f3ng bay &#8211; X\u01b0\u1edfng s\u1ea3n xu\u1ea5t que g\u00e0i b\u00f3ng bay gi\u00e1 r\u1ebb to\u00e0n qu\u1ed1c<br \/>\nque c\u1eafm b\u00f3ng th\u00fa, que c\u1eafm b\u00f3ng bay in, que c\u1eafm b\u00f3ng bay c\u1ea7m tay k\u00e8m ph\u1ec5u \u0111\u1ee1, s\u1ec9 que g\u00e0i b\u00f3ng , que b\u00f3ng bay<br \/>\nHotline : 09666.55523<\/p>\n<p><img loading=\"lazy\" class=\"alignnone size-medium wp-image-2739\" src=\"https:\/\/bongbaytrangtri.com\/wp-content\/uploads\/2024\/05\/z3504225611947_640214113ae3c269499d098eeb9e29e1-400x400.jpg\" alt=\"\" width=\"400\" height=\"400\" srcset=\"https:\/\/bongbaytrangtri.com\/wp-content\/uploads\/2024\/05\/z3504225611947_640214113ae3c269499d098eeb9e29e1-400x400.jpg 400w, https:\/\/bongbaytrangtri.com\/wp-content\/uploads\/2024\/05\/z3504225611947_640214113ae3c269499d098eeb9e29e1-800x800.jpg 800w, https:\/\/bongbaytrangtri.com\/wp-content\/uploads\/2024\/05\/z3504225611947_640214113ae3c269499d098eeb9e29e1-280x280.jpg 280w, https:\/\/bongbaytrangtri.com\/wp-content\/uploads\/2024\/05\/z3504225611947_640214113ae3c269499d098eeb9e29e1-768x768.jpg 768w, https:\/\/bongbaytrangtri.com\/wp-content\/uploads\/2024\/05\/z3504225611947_640214113ae3c269499d098eeb9e29e1-1536x1536.jpg 1536w, https:\/\/bongbaytrangtri.com\/wp-content\/uploads\/2024\/05\/z3504225611947_640214113ae3c269499d098eeb9e29e1-2048x2048.jpg 2048w, https:\/\/bongbaytrangtri.com\/wp-content\/uploads\/2024\/05\/z3504225611947_640214113ae3c269499d098eeb9e29e1-600x600.jpg 600w, https:\/\/bongbaytrangtri.com\/wp-content\/uploads\/2024\/05\/z3504225611947_640214113ae3c269499d098eeb9e29e1-100x100.jpg 100w\" sizes=\"(max-width: 400px) 100vw, 400px\" \/><\/p>\n<p><img loading=\"lazy\" class=\"alignnone size-medium wp-image-2740\" src=\"https:\/\/bongbaytrangtri.com\/wp-content\/uploads\/2024\/05\/z3504225662951_cb12abab6bf297379ea1301c40ec5338-400x400.jpg\" alt=\"\" width=\"400\" height=\"400\" srcset=\"https:\/\/bongbaytrangtri.com\/wp-content\/uploads\/2024\/05\/z3504225662951_cb12abab6bf297379ea1301c40ec5338-400x400.jpg 400w, https:\/\/bongbaytrangtri.com\/wp-content\/uploads\/2024\/05\/z3504225662951_cb12abab6bf297379ea1301c40ec5338-280x280.jpg 280w, https:\/\/bongbaytrangtri.com\/wp-content\/uploads\/2024\/05\/z3504225662951_cb12abab6bf297379ea1301c40ec5338-768x768.jpg 768w, https:\/\/bongbaytrangtri.com\/wp-content\/uploads\/2024\/05\/z3504225662951_cb12abab6bf297379ea1301c40ec5338-600x600.jpg 600w, https:\/\/bongbaytrangtri.com\/wp-content\/uploads\/2024\/05\/z3504225662951_cb12abab6bf297379ea1301c40ec5338-100x100.jpg 100w, https:\/\/bongbaytrangtri.com\/wp-content\/uploads\/2024\/05\/z3504225662951_cb12abab6bf297379ea1301c40ec5338.jpg 800w\" sizes=\"(max-width: 400px) 100vw, 400px\" \/><br \/>\nT\u00fai 50 tay c\u1ea7m b\u00f3ng bay nh\u1ecf d\u00e0i 50cm, que g\u00e0i b\u00f3ng bay, que gi\u1eef b\u00f3ng bay<br \/>\n&#8211; Tay c\u1ea7m b\u00f3ng bay, que g\u00e0i b\u00f3ng bay, que c\u1ea7m b\u00f3ng bay, d\u1ec5 d\u00e0ng trong vi\u1ec7c ph\u00e1t t\u1eb7ng b\u00f3ng bay trong d\u1ecbp l\u1ec5 h\u1ed9i, khai tr\u01b0\u01a1ng, ti\u1ec7c t\u00f9ng, v\u0103n ngh\u1ec7, khai tr\u01b0\u01a1ng\u2026<br \/>\n&#8211; Que c\u1ea7m b\u00f3ng bay c\u00f2n t\u00f4n th\u00eam v\u1ebb \u0111\u1eb9p c\u1ee7a qu\u1ea3 b\u00f3ng bay, s\u1ebd r\u1ea5t ti\u1ec7n l\u1ee3i cho kh\u00e1ch h\u00e0ng khi \u0111\u01b0\u1ee3c ph\u00e1t t\u1eb7ng b\u00f3ng bay v\u00e0 c\u1ea7m b\u00f3ng bay tr\u00ean tay, tay c\u1ea7m b\u00f3ng c\u00f2n l\u00e0m n\u1ed5i b\u1eadt th\u00eam th\u01b0\u01a1ng hi\u1ec7u, n\u1ed9i dung c\u1ee7a qu\u00fd kh\u00e1ch khi in tr\u00ean qu\u1ea3 b\u00f3n<br \/>\n&#8211; K\u00edch th\u01b0\u1edbc: D\u00e0i 50Cm, \u0111\u01b0\u1eddng k\u00ednh \u1ed1ng: 5mm.<br \/>\n&#8211; \u0110\u00f3ng g\u00f3i: 50 chi\u1ebfc\/ t\u00fai<br \/>\n&#8211; M\u00e0u s\u1eafc: M\u1ed7i t\u00fai nhi\u1ec1u m\u00e0u<br \/>\n&#8211; C\u00e2y c\u1eafm b\u00f3ng v\u00f4 c\u00f9ng ti\u1ec7n l\u1ee3i, c\u00f3 th\u1ec3 d\u00f9ng d\u1ec3 g\u1eafn b\u00f3ng cao su, b\u00f3ng ki\u1ebfng trang tr\u00ed khi kh\u00e1ch ko th\u1ec3 b\u01a1m b\u00f3ng bay.<br \/>\n&#8211; t\u00fai \u0111\u1ee7 m\u00e0u<br \/>\n&#8211; Ti\u1ec7n l\u1ee3i cho c\u00e1c b\u00e9 c\u1ea7m vui ch\u01a1i m\u00e0 ko s\u1ee3 b\u00f3ng r\u01a1i.<br \/>\nG\u1ecdi Ngay: 09666.55523<br \/>\n\ud83c\udf0f Website: http:\/\/inlogobongbay.com\/<br \/>\ninbongbayhanoi.com &#8211; inbongbaylogo.com<br \/>\n\u2709 Email:inbongbaytoanquoc@gmail.com<br \/>\n\u0110\u1ecba Ch\u1ec9 : 299 Trung K\u00ednh C\u1ea7u Gi\u1ea5y &#8211; 302 C\u1ea7u Gi\u1ea5y H\u00e0 N\u1ed9i<br \/>\n#QUECAMBONG<br \/>\n#BONGINLOGO<br \/>\n#QUECAMBONGLOGO<br \/>\n#inbongbay #inlogobongbay #inbongbaylogo #inbongbaygiare #inbongbayhanoi<br \/>\n#bongbayinlogo #inlogobongbayhanoi #xuonginbongbay<\/p>\n","protected":false},"excerpt":{"rendered":"<p>Que nh\u1ef1a g\u00e0i b\u00f3ng bay &#8211; X\u01b0\u1edfng s\u1ea3n xu\u1ea5t que g\u00e0i b\u00f3ng bay gi\u00e1 r\u1ebb to\u00e0n qu\u1ed1c que c\u1eafm b\u00f3ng th\u00fa, que c\u1eafm b\u00f3ng bay in, que c\u1eafm b\u00f3ng bay c\u1ea7m tay k\u00e8m ph\u1ec5u \u0111\u1ee1, s\u1ec9 que g\u00e0i b\u00f3ng , que b\u00f3ng bay Hotline : 09666.55523 T\u00fai 50 tay c\u1ea7m b\u00f3ng bay nh\u1ecf d\u00e0i 50cm, [&#8230;]\n","protected":false},"featured_media":2739,"comment_status":"open","ping_status":"closed","template":"","meta":[],"acf":[],"_links":{"self":[{"href":"https:\/\/bongbaytrangtri.com\/index.php?rest_route=\/wp\/v2\/product\/2738"}],"collection":[{"href":"https:\/\/bongbaytrangtri.com\/index.php?rest_route=\/wp\/v2\/product"}],"about":[{"href":"https:\/\/bongbaytrangtri.com\/index.php?rest_route=\/wp\/v2\/types\/product"}],"replies":[{"embeddable":true,"href":"https:\/\/bongbaytrangtri.com\/index.php?rest_route=%2Fwp%2Fv2%2Fcomments&post=2738"}],"wp:featuredmedia":[{"embeddable":true,"href":"https:\/\/bongbaytrangtri.com\/index.php?rest_route=\/wp\/v2\/media\/2739"}],"wp:attachment":[{"href":"https:\/\/bongbaytrangtri.com\/index.php?rest_route=%2Fwp%2Fv2%2Fmedia&parent=2738"}],"curies":[{"name":"wp","href":"https:\/\/api.w.org\/{rel}","templated":true}]}}