{"id":2730,"date":"2024-05-28T04:19:13","date_gmt":"2024-05-28T04:19:13","guid":{"rendered":"https:\/\/bongbaytrangtri.com\/?post_type=product&#038;p=2730"},"modified":"2024-05-28T04:19:14","modified_gmt":"2024-05-28T04:19:14","slug":"in-logo-thuong-hieu-len-bong-bay","status":"publish","type":"product","link":"https:\/\/bongbaytrangtri.com\/?product=in-logo-thuong-hieu-len-bong-bay","title":{"rendered":"IN LOGO TH\u01af\u01a0NG HI\u1ec6U L\u00caN B\u00d3NG BAY"},"content":{"rendered":"<p>\ud83d\ude19IN LOGO B\u00d3NG BAY H\u00c0 N\u1ed8I &#8211; X\u01af\u1edeNG S\u1ea2N XU\u1ea4T V\u00c0 IN B\u00d3NG BAY &#8211; IN B\u00d3NG BAY NHANH L\u1ea4Y G\u1ea4P<br \/>\n\u260e 09.666.555.23\ud83d\udd14<\/p>\n<p><img loading=\"lazy\" class=\"alignnone size-medium wp-image-2731\" src=\"https:\/\/bongbaytrangtri.com\/wp-content\/uploads\/2024\/05\/368340291_1069000924297995_6528769969129735031_n-694x400.jpg\" alt=\"\" width=\"694\" height=\"400\" srcset=\"https:\/\/bongbaytrangtri.com\/wp-content\/uploads\/2024\/05\/368340291_1069000924297995_6528769969129735031_n-694x400.jpg 694w, https:\/\/bongbaytrangtri.com\/wp-content\/uploads\/2024\/05\/368340291_1069000924297995_6528769969129735031_n-768x442.jpg 768w, https:\/\/bongbaytrangtri.com\/wp-content\/uploads\/2024\/05\/368340291_1069000924297995_6528769969129735031_n-600x346.jpg 600w, https:\/\/bongbaytrangtri.com\/wp-content\/uploads\/2024\/05\/368340291_1069000924297995_6528769969129735031_n.jpg 960w\" sizes=\"(max-width: 694px) 100vw, 694px\" \/><br \/>\n\ud83d\udd14 B\u1ea0N MU\u1ed0N QU\u1ea2NG B\u00c1 CHO TH\u01af\u01a0NG HI\u1ec6U \u2013 THU H\u00daT M\u1eccI \u00c1NH NH\u00ccN<br \/>\n\u27a1 IN LOGO TH\u01af\u01a0NG HI\u1ec6U L\u00caN B\u00d3NG BAY &#8211; CH\u1ea4T LI\u1ec6U CAO SU.<br \/>\n\u27a1 B\u00c1N B\u01a0M B\u00d3NG BAY C\u00c1C LO\u1ea0I S\u1ed0 L\u01af\u1ee2NG L\u1edaN.<br \/>\n\u27a1 B\u00c1N BU\u00d4N B\u00c1N L\u1eba QUE C\u00c0I B\u00d3NG<br \/>\nGi\u00e1 r\u1ebb b\u1ec1 \u0111\u1eb9p ch\u1ea5t l\u01b0\u1ee3ng ch\u1ec9 c\u00f3 t\u1ea1i Shark Decor \ud83d\ude18\ud83d\ude18\ud83d\ude18<br \/>\n\ud83d\udd25IN B\u00d3NG BAY KHAI TR\u01af\u01a0NG -IN LOGO B\u00d3NG BAY KHAI TR\u01af\u01a0NG &#8211; X\u01af\u1edeNG S\u1ea2N XU\u1ea4T V\u00c0 IN B\u00d3NG BAY<br \/>\nCh\u1ea5t l\u01b0\u1ee3ng b\u00f3ng in d\u00e0y d\u1eb7n, b\u00f3ng d\u1ebbo v\u00e0 b\u1ec1n. M\u1ef1c in r\u00f5 n\u00e9t, gi\u00e1 t\u1ea1i x\u01b0\u1edfng kh\u00f4ng ua trung gian. Thi\u1ebft k\u1ebf m\u1eabu FREE \u0111\u1ebfn khi kh\u00e1ch \u01b0ng \u00fd m\u1edbi in. T\u01b0 v\u1ea5n h\u1ed7 tr\u1ee3 nhi\u1ec7t t\u00ecnh.<br \/>\nTh\u00f4ng tin chi ti\u1ebft li\u00ean h\u1ec7:<br \/>\n\ud83d\udd25ZALO: 09.666.555.23<br \/>\n\ud83c\udf0f Website: http:\/\/inlogobongbay.com\/<br \/>\ninbongbayhanoi.com &#8211; inbongbaylogo.com<br \/>\n\u2709 Email:inbongbaytoanquoc@gmail.com<br \/>\n#inb\u00f3ngbaygi\u00e1r\u1ebb #inb\u00f3ngbaygi\u00e1r\u1ebbt\u1ea1ih\u00e0n\u1ed9i #inb\u00f3ngbay #inb\u00f3ngbayhcm #\u0111\u1eb7tinb\u00f3ngbay #m\u00e1yinb\u00f3ngbay #inlogob\u00f3ngbay<br \/>\n#inlogol\u00eanb\u00f3ngbay #inch\u1eefl\u00eanb\u00f3ngbay #inh\u00ecnhl\u00eanb\u00f3ngbay #inbongb\u00f3ngbay #inb\u00f3ngbayh\u00e0n\u1ed9i #inb\u00f3ngbay\u1edfh\u00e0n\u1ed9i<br \/>\n#inb\u00f3ngbayt\u1ea1ih\u00e0n\u1ed9i #ch\u1ed7inb\u00f3ngbaygi\u00e1r\u1ebb #b\u00f3ngbayinEnglish #\u0111\u01a1nv\u1ecbinb\u00f3ngbay #m\u1ef1cinb\u00f3ngbay #in\u1ea5nb\u00f3ngbay<br \/>\n#b\u00f3ngbayinlogo #inlogotr\u00eanb\u00f3ngbay #inb\u00f3ngbay #inb\u00f3ngbay\u1edfh\u00e0n\u1ed9i #inb\u00f3ngbayh\u00e0n\u1ed9i #\u0111\u1eb7tinb\u00f3ngbay<\/p>\n","protected":false},"excerpt":{"rendered":"<p>\ud83d\ude19IN LOGO B\u00d3NG BAY H\u00c0 N\u1ed8I &#8211; X\u01af\u1edeNG S\u1ea2N XU\u1ea4T V\u00c0 IN B\u00d3NG BAY &#8211; IN B\u00d3NG BAY NHANH L\u1ea4Y G\u1ea4P \u260e 09.666.555.23\ud83d\udd14 \ud83d\udd14 B\u1ea0N MU\u1ed0N QU\u1ea2NG B\u00c1 CHO TH\u01af\u01a0NG HI\u1ec6U \u2013 THU H\u00daT M\u1eccI \u00c1NH NH\u00ccN \u27a1 IN LOGO TH\u01af\u01a0NG HI\u1ec6U L\u00caN B\u00d3NG BAY &#8211; CH\u1ea4T LI\u1ec6U CAO SU. \u27a1 B\u00c1N B\u01a0M B\u00d3NG BAY [&#8230;]\n","protected":false},"featured_media":2731,"comment_status":"open","ping_status":"closed","template":"","meta":[],"acf":[],"_links":{"self":[{"href":"https:\/\/bongbaytrangtri.com\/index.php?rest_route=\/wp\/v2\/product\/2730"}],"collection":[{"href":"https:\/\/bongbaytrangtri.com\/index.php?rest_route=\/wp\/v2\/product"}],"about":[{"href":"https:\/\/bongbaytrangtri.com\/index.php?rest_route=\/wp\/v2\/types\/product"}],"replies":[{"embeddable":true,"href":"https:\/\/bongbaytrangtri.com\/index.php?rest_route=%2Fwp%2Fv2%2Fcomments&post=2730"}],"wp:featuredmedia":[{"embeddable":true,"href":"https:\/\/bongbaytrangtri.com\/index.php?rest_route=\/wp\/v2\/media\/2731"}],"wp:attachment":[{"href":"https:\/\/bongbaytrangtri.com\/index.php?rest_route=%2Fwp%2Fv2%2Fmedia&parent=2730"}],"curies":[{"name":"wp","href":"https:\/\/api.w.org\/{rel}","templated":true}]}}