{"id":2710,"date":"2024-05-28T03:46:38","date_gmt":"2024-05-28T03:46:38","guid":{"rendered":"https:\/\/bongbaytrangtri.com\/?post_type=product&#038;p=2710"},"modified":"2024-05-28T03:46:38","modified_gmt":"2024-05-28T03:46:38","slug":"in-bong-bay-2","status":"publish","type":"product","link":"https:\/\/bongbaytrangtri.com\/?product=in-bong-bay-2","title":{"rendered":"In B\u00f3ng Bay"},"content":{"rendered":"<p>IN LOGO B\u00d3NG BAY H\u00c0 N\u1ed8I GI\u00c1 R\u1eba NH\u1ea4T 2024<br \/>\nD\u1ecbch V\u1ee5 In B\u00f3ng Chuy\u00ean Nghi\u1ec7p, Ti\u1ec7n L\u1ee3i Giao \u0110\u1ebfn Tay Kh\u00e1ch H\u00e0ng, \u0110\u1eb7t In Trong 24h. In B\u00f3ng Bay Theo Y\u00eau C\u1ea7u, Bong \u0110\u1eb9p, Ch\u1ea5t L\u01b0\u1ee3ng In T\u1ed1t, Nh\u1eadn In T\u1eeb 500 B\u00f3ng.\u203c\ufe0f\u203c\ufe0f\u203c\ufe0f<br \/>\n\u260e\ufe0f 09666.555.23<\/p>\n<p><img loading=\"lazy\" class=\"alignnone size-medium wp-image-2711\" src=\"https:\/\/bongbaytrangtri.com\/wp-content\/uploads\/2024\/05\/349769172_635295945281086_3658336870652909251_n-598x400.jpg\" alt=\"\" width=\"598\" height=\"400\" srcset=\"https:\/\/bongbaytrangtri.com\/wp-content\/uploads\/2024\/05\/349769172_635295945281086_3658336870652909251_n-598x400.jpg 598w, https:\/\/bongbaytrangtri.com\/wp-content\/uploads\/2024\/05\/349769172_635295945281086_3658336870652909251_n-1195x800.jpg 1195w, https:\/\/bongbaytrangtri.com\/wp-content\/uploads\/2024\/05\/349769172_635295945281086_3658336870652909251_n-768x514.jpg 768w, https:\/\/bongbaytrangtri.com\/wp-content\/uploads\/2024\/05\/349769172_635295945281086_3658336870652909251_n-600x402.jpg 600w, https:\/\/bongbaytrangtri.com\/wp-content\/uploads\/2024\/05\/349769172_635295945281086_3658336870652909251_n.jpg 1440w\" sizes=\"(max-width: 598px) 100vw, 598px\" \/><br \/>\n#diachiinlogobongbay<br \/>\n#diachiinbongbay<br \/>\n-B\u00f3ng Bay In logo H\u00e0 N\u1ed9i<br \/>\n&#8211; B\u00f3ng Bay In Logo Gi\u00e1 R\u1ebb<br \/>\n-B\u00f3ng Bay In Logo Khai Tr\u01b0\u01a1ng<br \/>\nB\u00e1n b\u00f3ng bay hidro , tim tr\u00e1ng nh\u00f4m , b\u00f3ng th\u1ea3 s\u00e0n , th\u1ea3 tr\u1ea7n . ..<br \/>\nSHIP COD TO\u00c0N QU\u1ed0C NHANH G\u1eccN NH\u1ea4T<br \/>\n\ud83c\udf0f Website: http:\/\/inlogobongbay.com\/<br \/>\ninbongbayhanoi.com &#8211; inbongbaylogo.com<br \/>\n\u2709 Email:inbongbaytoanquoc@gmail.com<br \/>\n#inbongbay #inlogobongbay #inbongbaylogo #inbongbaygiare #inbongbayhanoi<br \/>\n#bongbayinlogo #inlogobongbayhanoi #xuonginbongbay<\/p>\n","protected":false},"excerpt":{"rendered":"<p>IN LOGO B\u00d3NG BAY H\u00c0 N\u1ed8I GI\u00c1 R\u1eba NH\u1ea4T 2024 D\u1ecbch V\u1ee5 In B\u00f3ng Chuy\u00ean Nghi\u1ec7p, Ti\u1ec7n L\u1ee3i Giao \u0110\u1ebfn Tay Kh\u00e1ch H\u00e0ng, \u0110\u1eb7t In Trong 24h. In B\u00f3ng Bay Theo Y\u00eau C\u1ea7u, Bong \u0110\u1eb9p, Ch\u1ea5t L\u01b0\u1ee3ng In T\u1ed1t, Nh\u1eadn In T\u1eeb 500 B\u00f3ng.\u203c\ufe0f\u203c\ufe0f\u203c\ufe0f \u260e\ufe0f 09666.555.23 #diachiinlogobongbay #diachiinbongbay -B\u00f3ng Bay In logo H\u00e0 N\u1ed9i &#8211; [&#8230;]\n","protected":false},"featured_media":2712,"comment_status":"open","ping_status":"closed","template":"","meta":[],"acf":[],"_links":{"self":[{"href":"https:\/\/bongbaytrangtri.com\/index.php?rest_route=\/wp\/v2\/product\/2710"}],"collection":[{"href":"https:\/\/bongbaytrangtri.com\/index.php?rest_route=\/wp\/v2\/product"}],"about":[{"href":"https:\/\/bongbaytrangtri.com\/index.php?rest_route=\/wp\/v2\/types\/product"}],"replies":[{"embeddable":true,"href":"https:\/\/bongbaytrangtri.com\/index.php?rest_route=%2Fwp%2Fv2%2Fcomments&post=2710"}],"wp:featuredmedia":[{"embeddable":true,"href":"https:\/\/bongbaytrangtri.com\/index.php?rest_route=\/wp\/v2\/media\/2712"}],"wp:attachment":[{"href":"https:\/\/bongbaytrangtri.com\/index.php?rest_route=%2Fwp%2Fv2%2Fmedia&parent=2710"}],"curies":[{"name":"wp","href":"https:\/\/api.w.org\/{rel}","templated":true}]}}