{"id":2696,"date":"2024-05-28T01:27:35","date_gmt":"2024-05-28T01:27:35","guid":{"rendered":"https:\/\/bongbaytrangtri.com\/?post_type=product&#038;p=2696"},"modified":"2024-05-28T01:27:36","modified_gmt":"2024-05-28T01:27:36","slug":"in-bong-bay-gia-re-ha-noi-2","status":"publish","type":"product","link":"https:\/\/bongbaytrangtri.com\/?product=in-bong-bay-gia-re-ha-noi-2","title":{"rendered":"In B\u00f3ng Bay Gi\u00e1 R\u1ebb H\u00e0 N\u1ed9i"},"content":{"rendered":"<p>-B\u00f3ng Bay In logo H\u00e0 N\u1ed9i<br \/>\n&#8211; B\u00f3ng Bay In Logo Gi\u00e1 R\u1ebb<br \/>\n-B\u00f3ng Bay In Logo Khai Tr\u01b0\u01a1ng<br \/>\n\ud83d\udc49B\u1ea1n Mu\u1ed1n \u0110\u1eb7t B\u00f3ng Bay In Logo \u0110\u1ec3 S\u1eed D\u1ee5ng Trong Tr\u01b0\u01a1ng Tr\u00ecnh Khai Tr\u01b0\u01a1ng C\u1eeda H\u00e0ng ho\u1eb7c \u0110\u1ec3 Qu\u1ea3ng B\u00e1 S\u1ea3n Ph\u1ea9m \u0110\u1ebfn M\u1ecdi Ng\u01b0\u1eddi<br \/>\n\ud83d\udc49Nh\u1eadn In Logo B\u00f3ng Bay Gi\u00e1 R\u1ebb , M\u1ea7u M\u1ef1c \u0110\u1eb9p<br \/>\n\ud83d\udc49 Th\u00ec v\u1ec1 v\u1edbi \u0111\u1ed9i c\u1ee7a #b\u00f3ng_bay ngay \u0111i \u1ea1 \u2757\ufe0f\u2757\ufe0f\u2757\ufe0f<br \/>\n\u2705 Thi\u1ebft k\u1ebf theo y\u00eau c\u1ea7u kh\u00e1ch h\u00e0ng<br \/>\n\u2705 Gi\u00e1 c\u1ea3 v\u00f4 c\u00f9ng h\u1ee3p l\u00fd<br \/>\n\u2705 L\u1eafp \u0111\u1eb7t tr\u1ecdn g\u00f3i, cam k\u1ebft kh\u00f4ng ph\u00e1t sinh th\u00eam b\u1ea5t k\u00ec chi ph\u00ed<br \/>\n\u26a0\ufe0f\u26a0\ufe0f\u26a0\ufe0f Ngo\u00e0i ra b\u1ea1n s\u1ebd \u0111\u01b0\u1ee3c gi\u1ea3m ngay 10% khi \u0111\u1eb7t b\u00f3ng in v\u1edbi s\u1ed1 l\u01b0\u1ee3ng l\u1edbn<\/p>\n<p><img loading=\"lazy\" class=\"alignnone size-medium wp-image-2697\" src=\"https:\/\/bongbaytrangtri.com\/wp-content\/uploads\/2024\/05\/z3502726449744_62e53c850f9ee9333794af99fc191009-400x400.jpg\" alt=\"\" width=\"400\" height=\"400\" srcset=\"https:\/\/bongbaytrangtri.com\/wp-content\/uploads\/2024\/05\/z3502726449744_62e53c850f9ee9333794af99fc191009-400x400.jpg 400w, https:\/\/bongbaytrangtri.com\/wp-content\/uploads\/2024\/05\/z3502726449744_62e53c850f9ee9333794af99fc191009-800x800.jpg 800w, https:\/\/bongbaytrangtri.com\/wp-content\/uploads\/2024\/05\/z3502726449744_62e53c850f9ee9333794af99fc191009-280x280.jpg 280w, https:\/\/bongbaytrangtri.com\/wp-content\/uploads\/2024\/05\/z3502726449744_62e53c850f9ee9333794af99fc191009-768x768.jpg 768w, https:\/\/bongbaytrangtri.com\/wp-content\/uploads\/2024\/05\/z3502726449744_62e53c850f9ee9333794af99fc191009-1536x1536.jpg 1536w, https:\/\/bongbaytrangtri.com\/wp-content\/uploads\/2024\/05\/z3502726449744_62e53c850f9ee9333794af99fc191009-2048x2048.jpg 2048w, https:\/\/bongbaytrangtri.com\/wp-content\/uploads\/2024\/05\/z3502726449744_62e53c850f9ee9333794af99fc191009-600x600.jpg 600w, https:\/\/bongbaytrangtri.com\/wp-content\/uploads\/2024\/05\/z3502726449744_62e53c850f9ee9333794af99fc191009-100x100.jpg 100w\" sizes=\"(max-width: 400px) 100vw, 400px\" \/><br \/>\n\u25b6\ufe0f\u25b6\ufe0f\u25b6\ufe0f\u25b6\ufe0f\u25b6\ufe0f\u25b6\ufe0f\u25b6\ufe0f\u25b6\ufe0f\u25b6\ufe0f<br \/>\nPh\u1ee5 ki\u1ec7n trang tr\u00ed sinh nh\u1eadt Shark Decor<br \/>\n\ud83c\udf88\ud83c\udf88\ud83c\udf88\ud83c\udf88C\u1eecA H\u00c0NG B\u00d3NG BAY H\u00c0 N\u1ed8I :<br \/>\n\u260e\ufe0f : 09666.55523 Shark Decor<br \/>\n\ud83c\udf0f Website: http:\/\/inlogobongbay.com\/<br \/>\ninbongbayhanoi.com &#8211; inbongbaylogo.com<br \/>\n\u2709 Email:inbongbaytoanquoc@gmail.com<br \/>\nMang T\u00e2m T\u00ecnh Y\u00eau Th\u01b0\u01a1ng \u0110\u1ebfn M\u1ecdi Ng\u01b0\u1eddi \ud83c\udf1c\ud83c\udf1c\ud83c\udf1c\ud83c\udf1c\ud83c\udf1c\ud83c\udf1c\ud83c\udf1c\ud83c\udf1c\ud83c\udf1c\ud83c\udf1c\ud83c\udf1c\ud83c\udf1c\ud83c\udf1c\ud83c\udf1c\ud83c\udf1c\ud83c\udf1c<br \/>\n#inbongbay #inlogobongbay #inbongbaylogo #inbongbaygiare #inbongbayhanoi<br \/>\n#bongbayinlogo #inlogobongbayhanoi #xuonginbongbay<br \/>\n#in_logo_bong_bay<br \/>\n#in_logo_bong_bay_khai_truong<br \/>\n#inlogobongbaygiare<br \/>\n#trangtrisinhnhattrongoi<br \/>\n#trangtrisinhnhatchobe<br \/>\n#tochucsinhnhat<br \/>\n#phukientrangtrisinhnhat<br \/>\n#chibisinhnhat<br \/>\n#bientensinhnhat<br \/>\n#bongsinhnhat<br \/>\n&#8212;&#8212;&#8212;&#8212;&#8212;&#8212;&#8212;&#8212;&#8212;&#8212;&#8212;&#8212;&#8212;&#8212;&#8212;-<br \/>\n\u2708\ufe0f #SHIP to\u00e0n qu\u1ed1c<\/p>\n","protected":false},"excerpt":{"rendered":"<p>-B\u00f3ng Bay In logo H\u00e0 N\u1ed9i &#8211; B\u00f3ng Bay In Logo Gi\u00e1 R\u1ebb -B\u00f3ng Bay In Logo Khai Tr\u01b0\u01a1ng \ud83d\udc49B\u1ea1n Mu\u1ed1n \u0110\u1eb7t B\u00f3ng Bay In Logo \u0110\u1ec3 S\u1eed D\u1ee5ng Trong Tr\u01b0\u01a1ng Tr\u00ecnh Khai Tr\u01b0\u01a1ng C\u1eeda H\u00e0ng ho\u1eb7c \u0110\u1ec3 Qu\u1ea3ng B\u00e1 S\u1ea3n Ph\u1ea9m \u0110\u1ebfn M\u1ecdi Ng\u01b0\u1eddi \ud83d\udc49Nh\u1eadn In Logo B\u00f3ng Bay Gi\u00e1 R\u1ebb , M\u1ea7u M\u1ef1c [&#8230;]\n","protected":false},"featured_media":2698,"comment_status":"open","ping_status":"closed","template":"","meta":[],"acf":[],"_links":{"self":[{"href":"https:\/\/bongbaytrangtri.com\/index.php?rest_route=\/wp\/v2\/product\/2696"}],"collection":[{"href":"https:\/\/bongbaytrangtri.com\/index.php?rest_route=\/wp\/v2\/product"}],"about":[{"href":"https:\/\/bongbaytrangtri.com\/index.php?rest_route=\/wp\/v2\/types\/product"}],"replies":[{"embeddable":true,"href":"https:\/\/bongbaytrangtri.com\/index.php?rest_route=%2Fwp%2Fv2%2Fcomments&post=2696"}],"wp:featuredmedia":[{"embeddable":true,"href":"https:\/\/bongbaytrangtri.com\/index.php?rest_route=\/wp\/v2\/media\/2698"}],"wp:attachment":[{"href":"https:\/\/bongbaytrangtri.com\/index.php?rest_route=%2Fwp%2Fv2%2Fmedia&parent=2696"}],"curies":[{"name":"wp","href":"https:\/\/api.w.org\/{rel}","templated":true}]}}