{"id":2666,"date":"2024-05-27T15:48:24","date_gmt":"2024-05-27T15:48:24","guid":{"rendered":"https:\/\/bongbaytrangtri.com\/?post_type=product&#038;p=2666"},"modified":"2024-05-27T15:48:24","modified_gmt":"2024-05-27T15:48:24","slug":"bong-bay-jumbo-in-chu-theo-yeu-cau","status":"publish","type":"product","link":"https:\/\/bongbaytrangtri.com\/?product=bong-bay-jumbo-in-chu-theo-yeu-cau","title":{"rendered":"B\u00f3ng Bay Jumbo In Ch\u1eef Theo Y\u00eau C\u1ea7u"},"content":{"rendered":"<p>\ud83c\udf39\ud83c\udf39\ud83c\udf39B\u00f3ng Bay Jumbo To 36 inch (90cm) Nh\u0169 In Ch\u1eef Trang Tr\u00ed H\u00e0 N\u1ed9i\ud83c\udf39\ud83c\udf39\ud83c\udf39<br \/>\n\u2764\ufe0f\u2764\ufe0f\u2764\ufe0f Setup Sinh Nh\u1eadt &#8211; C\u01b0\u1edbi H\u1ecfi &#8211; Khai Tr\u01b0\u01a1ng &#8211; S\u1ef1 Ki\u1ec7n\u2764\ufe0f<br \/>\n&#8212;- B\u00f3ng Bay Tr\u00e1i Trim Nilon T\u1ea1i H\u00e0 N\u1ed9i &#8212;&#8211;<br \/>\n\u2764\ufe0f B\u00f3ng Bay Th\u1ea3 Tr\u1ea7n B\u01a1m Kh\u00ed Hidro &#8211; Oxi -Heli<br \/>\n\u2764\ufe0f B\u00f3ng Bay Jumbo Nh\u0169 In Ch\u1eef Theo Y\u00eau C\u1ea7u<br \/>\n\u2764\ufe0f B\u00f3ng Bay Trang Tr\u00ed Sinh Nh\u1eadt<br \/>\n\u2764\ufe0f B\u00f3ng Bay Trang Tr\u00ed Ph\u00f2ng C\u01b0\u1edbi<br \/>\n\u2764\ufe0f B\u00f3ng Bay Kh\u00ed Hidro &#8211; Oxi- Heli<\/p>\n<p><img loading=\"lazy\" class=\"alignnone size-medium wp-image-2667\" src=\"https:\/\/bongbaytrangtri.com\/wp-content\/uploads\/2024\/05\/z5429470137631_71dccb6c0f7f4347f0eba44605feee12-400x400.jpg\" alt=\"\" width=\"400\" height=\"400\" srcset=\"https:\/\/bongbaytrangtri.com\/wp-content\/uploads\/2024\/05\/z5429470137631_71dccb6c0f7f4347f0eba44605feee12-400x400.jpg 400w, https:\/\/bongbaytrangtri.com\/wp-content\/uploads\/2024\/05\/z5429470137631_71dccb6c0f7f4347f0eba44605feee12-280x280.jpg 280w, https:\/\/bongbaytrangtri.com\/wp-content\/uploads\/2024\/05\/z5429470137631_71dccb6c0f7f4347f0eba44605feee12-768x768.jpg 768w, https:\/\/bongbaytrangtri.com\/wp-content\/uploads\/2024\/05\/z5429470137631_71dccb6c0f7f4347f0eba44605feee12-600x600.jpg 600w, https:\/\/bongbaytrangtri.com\/wp-content\/uploads\/2024\/05\/z5429470137631_71dccb6c0f7f4347f0eba44605feee12-100x100.jpg 100w, https:\/\/bongbaytrangtri.com\/wp-content\/uploads\/2024\/05\/z5429470137631_71dccb6c0f7f4347f0eba44605feee12.jpg 800w\" sizes=\"(max-width: 400px) 100vw, 400px\" \/><br \/>\n\ud83d\udc93\ud83d\ude18\ud83d\udc93 1 GI\u00c2Y NG\u1eaeM, 2 GI\u00c2Y M\u00ca, 3 GI\u00c2Y QUY\u1ebeT \u0110\u1ecaNH &#8220;zing&#8221; v\u1ec1 th\u1ecfa s\u1ee9c SAY M\u00ca \ud83d\ude0d\ud83d\ude0d\ud83d\ude0d<br \/>\nCall: 09666.555.23 Shark Decor<br \/>\nZalo: 09666.555.23 &#8211; 08886888.23 #sharkdecor<br \/>\n\ud83d\udc9e H\u1ecd &#8211; nh\u1eefng c\u1eb7p t\u00ecnh nh\u00e2n lu\u00f4n mu\u1ed1n d\u00e0nh nh\u1eefng \u0111i\u1ec1u #TUY\u1ec6T_V\u1edcI nh\u1ea5t cho nhau \u2764\ufe0f<br \/>\n\ud83d\udc9e H\u1ecd &#8211; nh\u1eefng ng\u01b0\u1eddi #B\u1ea0N mu\u1ed1n t\u1ed5 ch\u1ee9c 1 bu\u1ed5i #SINH_NH\u1eacT th\u1eadt vui v\u1ebb \ud83d\ude01\ud83d\ude01<br \/>\n\ud83d\udc9e H\u1ecd &#8211; nh\u1eefng ng\u01b0\u1eddi v\u1ee3, ng\u01b0\u1eddi ch\u1ed3ng mu\u1ed1n c\u00f3 1 l\u1ec5 #K\u1ec8_NI\u1ec6M th\u1eadt \u00fd ngh\u0129a \ud83d\udc9d\ud83d\udc9d\ud83d\udc9d<br \/>\n\ud83d\udc9e H\u1ecd ch\u1ecdn #Bongbaytrangtri v\u00e0 \u0111\u00e3 c\u00f3 nh\u1eefng gi\u00e2y ph\u00fat kh\u00f4ng th\u1ec3 n\u00e0o qu\u00ean \ud83d\udc4d\ud83d\udc4d<br \/>\n&#8212;&#8212;&#8212;&#8212;&#8212;&#8212;-<br \/>\n\ud83d\udc49\ud83d\udc49 V\u1eady&#8230; C\u00f2n B\u1ea0N th\u00ec sao \u2753\u2753\u2753<br \/>\n\ud83d\udc49\ud83d\udc49 \u0110\u1ebfn v\u1edbi #Bongbaytrangtri s\u1ebd c\u00f3 \u0111\u1ed9i ng\u0169 t\u01b0 v\u1ea5n nhi\u00ea\u0323t ti\u0300nh, l\u00ea\u0303 phe\u0301p. Co\u0301 nhi\u00ea\u0300u m\u00e2\u0303u trang tri\u0301 \u0111\u01b0\u01a1\u0323c c\u00e2\u0323p nh\u00e2\u0323t li\u00ean tu\u0323c, ca\u0301c m\u00e2\u0303u lu\u00f4n \u0110E\u0323P &#8211; \u0110\u00d4\u0323C &#8211; LA\u0323 &#8211; CH\u00c2\u0301T L\u01af\u01a0\u0323NG, m\u1ecdi th\u1ee9 th\u1eadt s\u1ed1ng \u0111\u1ed9ng d\u00e0nh cho b\u01b0\u0303a ti\u1ec7c cu\u0309a ba\u0323n \ud83d\ude09\ud83d\ude09\ud83d\ude09<br \/>\n\ud83d\udc81\u200d\u2640\ufe0f\ud83d\udc81\u200d\u2640\ufe0f Ha\u0303y \u0111\u1ebfn v\u1edbi bongbaytrangtri v\u00e0 c\u1ea3m nh\u1eadn th\u1eadt s\u1ef1 nh\u00e9 \ud83c\udfc3\u200d\u2642\ufe0f\ud83c\udfc3\u200d\u2640\ufe0f<br \/>\n&#8212;&#8212;&#8212;&#8212;&#8211;<br \/>\n\ud83d\udc49\ud83d\udc49 Ng\u1eafm \u1ea3nh r\u1ed3i #INBOX nhanh k\u1ebbo l\u1ee1 h\u1eb9n v\u1edbi #TU\u1ed4I_THANH_XU\u00c2N c\u00e1c b\u1ea1n \u01a1iiiii \ud83d\ude09\ud83d\ude09<br \/>\nTrang Tr\u00ed Sinh Nh\u1eadt Cho Ng\u01b0\u1eddi L\u1edbn<br \/>\n\ud83d\udc92 Add: S\u1ed1 10 ng\u00f5 54 ph\u1ed1 hoa b\u1eb1ng c\u1ea7u gi\u1ea5y H\u00e0 N\u1ed9i<br \/>\n\u260e Hotline: 09.666.555.23 -0888.688823<br \/>\nT\u1ea5t c\u1ea3 c\u00e1c ng\u00e0y trong tu\u1ea7n.<\/p>\n","protected":false},"excerpt":{"rendered":"<p>\ud83c\udf39\ud83c\udf39\ud83c\udf39B\u00f3ng Bay Jumbo To 36 inch (90cm) Nh\u0169 In Ch\u1eef Trang Tr\u00ed H\u00e0 N\u1ed9i\ud83c\udf39\ud83c\udf39\ud83c\udf39 \u2764\ufe0f\u2764\ufe0f\u2764\ufe0f Setup Sinh Nh\u1eadt &#8211; C\u01b0\u1edbi H\u1ecfi &#8211; Khai Tr\u01b0\u01a1ng &#8211; S\u1ef1 Ki\u1ec7n\u2764\ufe0f &#8212;- B\u00f3ng Bay Tr\u00e1i Trim Nilon T\u1ea1i H\u00e0 N\u1ed9i &#8212;&#8211; \u2764\ufe0f B\u00f3ng Bay Th\u1ea3 Tr\u1ea7n B\u01a1m Kh\u00ed Hidro &#8211; Oxi -Heli \u2764\ufe0f B\u00f3ng Bay Jumbo Nh\u0169 In Ch\u1eef [&#8230;]\n","protected":false},"featured_media":2667,"comment_status":"open","ping_status":"closed","template":"","meta":[],"acf":[],"_links":{"self":[{"href":"https:\/\/bongbaytrangtri.com\/index.php?rest_route=\/wp\/v2\/product\/2666"}],"collection":[{"href":"https:\/\/bongbaytrangtri.com\/index.php?rest_route=\/wp\/v2\/product"}],"about":[{"href":"https:\/\/bongbaytrangtri.com\/index.php?rest_route=\/wp\/v2\/types\/product"}],"replies":[{"embeddable":true,"href":"https:\/\/bongbaytrangtri.com\/index.php?rest_route=%2Fwp%2Fv2%2Fcomments&post=2666"}],"wp:featuredmedia":[{"embeddable":true,"href":"https:\/\/bongbaytrangtri.com\/index.php?rest_route=\/wp\/v2\/media\/2667"}],"wp:attachment":[{"href":"https:\/\/bongbaytrangtri.com\/index.php?rest_route=%2Fwp%2Fv2%2Fmedia&parent=2666"}],"curies":[{"name":"wp","href":"https:\/\/api.w.org\/{rel}","templated":true}]}}